{"id":10,"date":"2018-07-12T17:45:38","date_gmt":"2018-07-12T17:45:38","guid":{"rendered":"http:\/\/www.radirofestival.ro\/?page_id=10"},"modified":"2018-11-22T16:11:57","modified_gmt":"2018-11-22T16:11:57","slug":"prima-pagina","status":"publish","type":"page","link":"https:\/\/www.radirofestival.ro\/","title":{"rendered":"Prima Pagin\u0103"},"content":{"rendered":"<section class=\"widget_text widget widget_custom_html\">\n<h2 class=\"widget-title\">Calendar Festival &#8211; Noiembrie 2018<\/h2>\n<p>    <!-- Header Afise Grid--><\/p>\n<div class=\"header_afise\">\n<div style=\"margin: auto; padding: 0px;\">\n<div class=\"infasuratorMP\">\n<section>\n<div><a href=\"https:\/\/www.radirofestival.ro\/?page_id=530\">18<\/a><\/div>\n<\/section>\n<section>\n<div><a href=\"https:\/\/www.radirofestival.ro\/?page_id=532\">19<\/a><\/div>\n<\/section>\n<section>\n<div><a href=\"https:\/\/www.radirofestival.ro\/?page_id=534\">20<\/a><\/div>\n<\/section>\n<section>\n<div><a href=\"https:\/\/www.radirofestival.ro\/?page_id=536\">21<\/a><\/div>\n<\/section>\n<section>\n<div><a href=\"https:\/\/www.radirofestival.ro\/?page_id=540\">22<\/a><\/div>\n<\/section>\n<section>\n<div><a href=\"https:\/\/www.radirofestival.ro\/?page_id=543\">23<\/a><\/div>\n<\/section>\n<section>\n<div><a href=\"https:\/\/www.radirofestival.ro\/?page_id=555\">24<\/a><\/div>\n<\/section>\n<section>\n<div><a href=\"https:\/\/www.radirofestival.ro\/?page_id=559\">25<\/a><\/div>\n<\/section><\/div>\n<\/p><\/div>\n<\/p><\/div>\n<p>    <!-- Afise Grid --><\/p>\n<div class=\"row_afise\">\n<div class=\"column_afise\">\n            <a href=\"https:\/\/www.radirofestival.ro\/?p=1081\"><img src=\"wp-content\/uploads\/2018\/10\/POSTER-RADIRO-2018.jpg\" alt=\"RadiRo\" class=\"shadow_afise\" style=\"width:100%\"><\/a>\n        <\/div>\n<div class=\"column_afise\">\n            <a href=\"https:\/\/www.radirofestival.ro\/?page_id=530\"><img src=\"\/wp-content\/uploads\/2018\/11\/01_simfonic_18_noiembrie_plasme.jpg\" alt=\"18 simfonice\" class=\"shadow_afise\" style=\"width:100%\"><\/a>\n        <\/div>\n<div class=\"column_afise\">\n            <a href=\"https:\/\/www.radirofestival.ro\/?page_id=532\"><img src=\"\/wp-content\/uploads\/2018\/11\/02_simfonic_19_noiembrie_plasme.jpg\" alt=\"19 simfonice\" class=\"shadow_afise\" style=\"width:100%\"><\/a>\n        <\/div>\n<div class=\"column_afise\">\n            <a href=\"https:\/\/www.radirofestival.ro\/?page_id=534\"><img src=\"\/wp-content\/uploads\/2018\/11\/03_simfonic_20_noiembrie_plasme.jpg\" alt=\"20 simfonice\" class=\"shadow_afise\" style=\"width:100%\"><\/a>\n        <\/div>\n<div class=\"column_afise\">\n            <a href=\"https:\/\/www.radirofestival.ro\/?page_id=536\"><img src=\"\/wp-content\/uploads\/2018\/11\/04_simfonic_21_noiembrie_plasme.jpg\" alt=\"21 simfonice\" class=\"shadow_afise\" style=\"width:100%\"><\/a>\n        <\/div>\n<div class=\"column_afise\">\n            <a href=\"https:\/\/www.radirofestival.ro\/?page_id=540\"><img src=\"\/wp-content\/uploads\/2018\/11\/05_simfonic_22_noiembrie_plasme.jpg\" alt=\"22 simfonice\" class=\"shadow_afise\" style=\"width:100%\"><\/a>\n        <\/div>\n<div class=\"column_afise\">\n            <a href=\"https:\/\/www.radirofestival.ro\/?page_id=543\"><img src=\"\/wp-content\/uploads\/2018\/11\/06_simfonic_23_noiembrie_plasme.jpg\" alt=\"23 simfonice\" class=\"shadow_afise\" style=\"width:100%\"><\/a>\n        <\/div>\n<div class=\"column_afise\">\n            <a href=\"https:\/\/www.radirofestival.ro\/?page_id=555\"><img src=\"\/wp-content\/uploads\/2018\/11\n\/Concert-24-noiembrie-_mic.jpg\" alt=\"24 simfonice\" class=\"shadow_afise\" style=\"width:100%\"><\/a>\n        <\/div>\n<div class=\"column_afise\">\n                <a href=\"https:\/\/www.radirofestival.ro\/?page_id=536\"><img src=\"\/wp-content\/uploads\/2018\/11\/09_jazz_21_si_24_noiembrie_FB.jpg\" alt=\"21 si 24 Jazz\" class=\"shadow_afise\" style=\"width:100%\"><\/a>\n        <\/div>\n<div class=\"column_afise\">\n            <a href=\"https:\/\/www.radirofestival.ro\/?page_id=559\"><img src=\"\/wp-content\/uploads\/2018\/11\/08_simfonic_25_noiembrie_plasme.jpg\" alt=\"25 simfonice\" class=\"shadow_afise\" style=\"width:100%\"><\/a>\n        <\/div>\n<div class=\"column_afise\">\n            <a href=\"https:\/\/www.radirofestival.ro\/?page_id=540\"><img src=\"\/wp-content\/uploads\/2018\/11\/10_jazz_22_noiembrie_plasme.jpg\" alt=\"22 Jazz\" class=\"shadow_afise\" style=\"width:100%\"><\/a>\n        <\/div>\n<div class=\"column_afise\">\n            <a href=\"https:\/\/www.radirofestival.ro\/?page_id=543\"><img src=\"\/wp-content\/uploads\/2018\/11\/11_jazz_23_noiembrie_plasme.jpg\" alt=\"23 Jazz\" class=\"shadow_afise\" style=\"width:100%\"><\/a>\n        <\/div>\n<\/p><\/div>\n<\/section>\n<section class=\"widget_text widget widget_custom_html\">\n<h2 class=\"widget-title\">Despre RadiRo<\/h2>\n<div style=\"margin: auto; padding: 0px;\">\n<div style=\"font-size: 14px;\">\n\u201dRadiRo\u201d este singurul festival dedicat orchestrelor radio din Europa \u0219i din lume, eveniment produs \u0219i organizat de Radio Rom\u00e2nia o dat\u0103 la 2 ani.<\/p>\n<p>Cea de-a IV-a edi\u021bie se va desf\u0103\u0219ura \u00eentre\u00a018 \u0219i 25 noiembrie 2018\u00a0\u0219i va cuprinde dou\u0103 sec\u021biuni: concerte simfonice \u2013 derulate la Sala Radio \u0219i, \u00een premier\u0103 la aceast\u0103 edi\u021bie, concerte de jazz \u2013 prezentate la Sala\u00a0Auditorium\u00a0\u2013 MNAR\u00a0 (Muzeul Na\u021bional de Art\u0103 al Rom\u00e2niei).<\/p>\n<p>Prin aceast\u0103 edi\u021bie a festivalului, Radio Rom\u00e2nia marcheaz\u0103 \u0219i cele dou\u0103 evenimente importante ale acestui an \u2013 aniversarea \u00eemplinirii a 90 de ani de existen\u021b\u0103 a postului public de radio (1 noiembrie) \u0219i aniversarea Centenarului Rom\u00e2niei (1 decembrie).<\/p>\n<p>Toate concertele festivalului sunt transmise live de Radio Rom\u00e2nia, \u00eenregistrate \u0219i difuzate ulterior de Televiziunea Rom\u00e2n\u0103 \u0219i difuzate, de asemenea, de toate radiodifuziunile membre ale Uniunii Europene de Radio.\n        <\/p><\/div>\n<\/p><\/div>\n<\/section>\n<div id=\"secondary\" class=\"widget-area mainPG\" style=\"margin: auto; padding: 20px;\">\n<section class=\"widget_text widget widget_custom_html\">\n<h2 class=\"widget-title\">Rezerv\u0103 bilet<\/h2>\n<div class=\"textwidget custom-html-widget\">\n            <a href=\"https:\/\/www.bilete.ro\/\" target=\"_blank\"><br \/>\n                <img loading=\"lazy\" src=\"\/wp-content\/uploads\/2018\/09\/biletero_logo_white_optimized.png\" alt=\"bilete.ro\" width=\"265\"\n                    height=\"41\"><\/a><\/p>\n<p>            Biletele sunt disponibile pe <a href=\"https:\/\/www.bilete.ro\/\" target=\"_blank\">www.bilete.ro<\/a>, \u00een<br \/>\n            oficiile Po\u015ftei Rom\u00e2ne, \u00een magazinele Inmedio semnalizate bilete.ro \u015fi la Casa de bilete a S\u0103lii Radio.\n        <\/div>\n<\/section>\n<section class=\"widget_text widget widget_custom_html\">\n<h2 class=\"widget-title\">Sala Radio \u2013 Concerte simfonice<\/h2>\n<div class=\"textwidget custom-html-widget\">\n            <strong>Casa de bilete a S\u0103lii Radio<\/strong><br \/>\n            <br \/>\n            <strong>Telefon: 021 314.68.00<\/strong><\/p>\n<p style=\"color:#F75D59\">Accesul la concerte NU este permis copiilor sub v\u00e2rsta de 6 ani.<\/p>\n<h6><a href=\"http:\/\/www.salaradio.ro\"><strong>www.salaradio.ro<\/strong><\/a><\/h6>\n<div style=\"text-align: center;\">\n                <a href=\"http:\/\/www.salaradio.ro\/?page_id=386\"><img loading=\"lazy\" src=\"\/wp-content\/uploads\/2018\/09\/LOGO_PL_NUM_wht.png\"\n                        alt=\"Plan Numerotare Locuri Sala\" width=\"200\" height=\"189\"><\/a>\n            <\/div>\n<\/p><\/div>\n<\/section>\n<section class=\"widget_text widget widget_custom_html\">\n<h2 class=\"widget-title\">Sala Auditorium MNAR \u2013 Concerte jazz<\/h2>\n<div class=\"textwidget custom-html-widget\">\n<p>            <strong>Adresa: <\/strong>Str. \u015etirbei Vod\u0103 nr. 1, Bucure\u015fti<br \/>\n            <br \/>\n            <strong>Telefon: <\/strong>021.312.15.06<\/p>\n<p style=\"color:#F75D59\">Accesul la concerte NU este permis copiilor sub v\u00e2rsta de 6 ani.<\/p>\n<h6><a href=\"http:\/\/www.mnar.arts.ro\/servicii\/16-auditorium\"><strong>Sala Auditorium MNAR<\/strong> (Muzeul<br \/>\n                    National de Arta al Rom\u00e2niei)<\/a><\/h6>\n<div style=\"text-align: center;\">\n                <a href=\"http:\/\/www.mnar.arts.ro\/servicii\/16-auditorium\"><img loading=\"lazy\" src=\"\/wp-content\/uploads\/2018\/09\/MNaR-logo.png\"\n                        alt=\"Sala Auditorium MNAR\" width=\"200\" height=\"189\"><\/a><br \/>\n                \n            <\/div>\n<\/p><\/div>\n<\/section>\n<\/div>\n","protected":false},"excerpt":{"rendered":"<p>Calendar Festival &#8211; Noiembrie 2018 18 19 20 21 22 23 24 25 Despre RadiRo \u201dRadiRo\u201d este singurul festival dedicat orchestrelor radio din Europa \u0219i din lume, eveniment produs \u0219i organizat de Radio Rom\u00e2nia o dat\u0103 la 2 ani. Cea de-a IV-a edi\u021bie se va desf\u0103\u0219ura \u00eentre\u00a018 \u0219i 25 noiembrie 2018\u00a0\u0219i va cuprinde dou\u0103 sec\u021biuni: &hellip; <\/p>\n","protected":false},"author":1,"featured_media":0,"parent":0,"menu_order":0,"comment_status":"closed","ping_status":"closed","template":"","meta":[],"_links":{"self":[{"href":"https:\/\/www.radirofestival.ro\/index.php?rest_route=\/wp\/v2\/pages\/10"}],"collection":[{"href":"https:\/\/www.radirofestival.ro\/index.php?rest_route=\/wp\/v2\/pages"}],"about":[{"href":"https:\/\/www.radirofestival.ro\/index.php?rest_route=\/wp\/v2\/types\/page"}],"author":[{"embeddable":true,"href":"https:\/\/www.radirofestival.ro\/index.php?rest_route=\/wp\/v2\/users\/1"}],"replies":[{"embeddable":true,"href":"https:\/\/www.radirofestival.ro\/index.php?rest_route=%2Fwp%2Fv2%2Fcomments&post=10"}],"version-history":[{"count":174,"href":"https:\/\/www.radirofestival.ro\/index.php?rest_route=\/wp\/v2\/pages\/10\/revisions"}],"predecessor-version":[{"id":1457,"href":"https:\/\/www.radirofestival.ro\/index.php?rest_route=\/wp\/v2\/pages\/10\/revisions\/1457"}],"wp:attachment":[{"href":"https:\/\/www.radirofestival.ro\/index.php?rest_route=%2Fwp%2Fv2%2Fmedia&parent=10"}],"curies":[{"name":"wp","href":"https:\/\/api.w.org\/{rel}","templated":true}]}}