{"id":11,"date":"2018-07-12T17:45:39","date_gmt":"2018-07-12T17:45:39","guid":{"rendered":"http:\/\/www.radirofestival.ro\/?page_id=11"},"modified":"2018-09-24T10:34:32","modified_gmt":"2018-09-24T10:34:32","slug":"despre","status":"publish","type":"page","link":"https:\/\/www.radirofestival.ro\/?page_id=11","title":{"rendered":"Despre"},"content":{"rendered":"<p><strong>\u00a0\u00a0\u00a0\u00a0\u00a0\u00a0\u00a0 FESTIVALUL INTERNA<\/strong><strong>\u021aIONAL AL ORCHESTRELOR RADIO\u00a0 \u201dRADIRO\u201d<\/strong><\/p>\n<p><strong>\u00a0<\/strong><strong>Festivalul Interna\u021bional al Orchestrelor Radio \u201dRadiRo\u201d<\/strong> &#8211; singurul festival dedicat orchestrelor radio din Europa \u0219i din lume &#8211; este produs \u0219i organizat de Radio Rom\u00e2nia \u00eencep\u00e2nd din anul 2012.<\/p>\n<p>Organizat o dat\u0103 la doi ani, Festivalul \u201dRadiRo\u201d a reu\u0219it performan\u021ba de a deveni un reper bine individualizat pe agenda na\u021bional\u0103 \u0219i interna\u021bional\u0103 a evenimentelor muzicale de profil, aduc\u00e2nd la Bucure\u0219ti, \u00een cele trei edi\u021bii desf\u0103\u0219urate p\u00e2n\u0103 acum (2012,2014 \u0219i 2016), orchestre de prim\u0103 m\u0103rime ale radiourilor publice din Europa \u0219i Asia. Av\u00e2nd \u00a0\u00een vedere lipsa, la nivel interna\u021bional, a unor manifest\u0103ri de acela\u0219i tip \u0219i de aceea\u0219i anvergur\u0103, focalizate \u00een exclusivitate asupra activit\u0103\u021bii orchestrelor \u0219i corurilor radiodifuziunilor publice, Festivalul urm\u0103re\u0219te consolidarea unei platforme de prezentare a celor mai valoroase ansambluri radio interna\u021bionale, care s\u0103 \u00eencurajeze schimburile interculturale \u0219i s\u0103 promoveze proiectele muzicale ale acestora.<\/p>\n<p>Toate concertele festivalului sunt transmise live de Radio Rom\u00e2nia, \u00eenregistrate \u0219i difuzate ulterior de Televiziunea Rom\u00e2n\u0103 \u0219i difuzate, de asemenea, de toate radiodifuziunile membre ale Uniunii Europene de Radio. Iar \u00eencep\u00e2nd cu edi\u021bia 2016, concertele au fost preluate \u0219i de ABU (Uniunea Audiovizualului Asia-Pacific).<\/p>\n<p>&nbsp;<\/p>\n<p><strong><u>Festivalul Interna\u021bional al Orchestrelor Radio \u201dRadiRo\u201d \u2013 edi\u021bia I (2012)<\/u><\/strong><\/p>\n<ul>\n<li><strong>7 zile de festival<\/strong><\/li>\n<li><strong>4 orchestre simfonice radio europene<\/strong><\/li>\n<li><strong>12 concerte simfonice \u0219i camerale <\/strong><\/li>\n<li><strong>Director de onoare \u2013 celebrul pianist \u0219i dirijor Christian Zacharias<\/strong><\/li>\n<\/ul>\n<p><strong>\u00a0<\/strong><strong>Prima edi\u021bie a Festivalului \u201dRadiRo\u201d<\/strong>, produs de Radio Rom\u00e2nia, a avut loc la Bucure\u0219ti, \u00een perioada 23 \u2013 29 septembrie 2012, cu scopul declarat de a oferi publicului din Rom\u00e2nia o alternativ\u0103 viabil\u0103 la Festivalul Enescu, de un nivel muzical \u0219i cultural comparabil \u00een termeni de organizare, calitate \u0219i \u021binut\u0103 cultural\u0103 \u0219i muzical\u0103. \u201dRadiRo\u201d \u2013 edi\u021bia I, a adus pe scena S\u0103lii Palatului, trei dintre cele mai importante orchestre radio din Europa \u2013 <strong>BBC Symphony Orchestra, Orchestre Philharmonique de Radio France<\/strong> \u0219i <strong>Orchestra Sinfonica Nazionale della RAI<\/strong>, al\u0103turi de <strong>Orchestra Na\u021bional\u0103 Radio<\/strong>, gazda evenimentului. \u00cen paralel cu concertele simfonice, a avut loc, la Sala Radio, seria de concerte camerale la care au participat, al\u0103turi de <strong>Orchestra de Camer\u0103 Radio<\/strong>, <strong>cvartelele \u201dAd Libitum\u201d \u0219i \u201dVoces\u201d<\/strong>. Printre soli\u0219tii \u0219i dirijorii invita\u021bi s-au num\u0103rat violoni\u0219ii <strong>Maxim Vengerov<\/strong> \u0219i <strong>Alexandru Tomescu<\/strong>, piani\u0219tii <strong>Dan Grigore<\/strong> \u0219i <strong>Luiza Borac<\/strong>, dirijorii de renume interna\u021bional <strong>Juraj Valcuha<\/strong>, <strong>Jukka-Pekka Saraste<\/strong>, <strong>Horia Andreescu<\/strong>, al\u0103turi de directorul de onoare al Festivalului \u2013 <strong>Christian Zacharias<\/strong>. \u201dRadiRo\u201d 2012 a fost produs de Radio Rom\u00e2nia, \u00een coproduc\u021bie cu Prim\u0103ria Capitalei \u0219i TVR \u0219i organizat de ARTEXIM.<\/p>\n<p>&nbsp;<\/p>\n<p><strong><u>Festivalul Interna\u021bional al Orchestrelor Radio \u201dRadiRo\u201d \u2013 edi\u021bia a II-a (2014)<\/u><\/strong><\/p>\n<ul>\n<li><strong>8 zile de festival<\/strong><\/li>\n<li><strong>5 orchestre simfonice radio europene<\/strong><\/li>\n<li><strong>Director de onoare \u2013 celebrul dirijor rom\u00e2n Cristian Mandeal<\/strong><\/li>\n<\/ul>\n<p><strong>\u00a0<\/strong><\/p>\n<p>In perioada 20 \u2013 27 septembrie 2014 s-a desf\u0103\u0219urat, de aceast\u0103 dat\u0103 la Sala Radio, <strong>cea de a II-a edi\u021bie a Festivalului \u201dRadiRo\u201d<\/strong>, care a \u00eensemnat, firesc, o evolu\u021bie fa\u021b\u0103 de prima edi\u021bie, at\u00e2t din punctul de vedere al num\u0103rului de orchestre radio europene participante, c\u00e2t \u0219i al consolid\u0103rii reputa\u021biei evenimentului. La aceast\u0103 edi\u021bie au sus\u021binut concerte <strong>Orchestra Simfonic\u0103 Radio din Finlanda, Orchestra Simfonic\u0103 Radio din Praga, Orchestra Simfonic\u0103 Radio din Stuttgart <\/strong>\u0219i <strong>Orchestre National de France<\/strong>, al\u0103turi, bine\u00een\u021beles de <strong>Orchestra Na\u021bional\u0103 Radio<\/strong>, soli\u0219ti \u0219i dirijori de prim\u0103 m\u0103rime din Europa \u0219i SUA. Directorul artistic al \u201dRadiRo\u201d 2014 a fost reputatul dirijor rom\u00e2n <strong>Cristian Mandeal<\/strong>, iar programul festivalului a fost dedicat compozitorului german Richard Strauss, \u00een anul anivers\u0103rii a 150 de ani de la na\u0219tere.<\/p>\n<p>&nbsp;<\/p>\n<p><strong><u>Festivalul Interna\u021bional al Orchestrelor Radio \u201dRadiRo\u201d \u2013 edi\u021bia a III-a (2016)<\/u><\/strong><\/p>\n<ul>\n<li><strong>9 zile de festival<\/strong><\/li>\n<li><strong>6 orchestre simfonice radio, dintre care 5 porchestre europene \u0219i \u00een premier\u0103 o orchestr\u0103 din Asia<\/strong><\/li>\n<li><strong>Director de onoare \u2013 celebrul dirijor Kristian Jarvi<\/strong><\/li>\n<\/ul>\n<p><strong>\u00a0<\/strong><strong>Cea de a III-a edi\u021bie a Festivalului \u201dRadiRo\u201d<\/strong> s-a desf\u0103\u0219urat la Sala Radio \u00eentre 23 septembrie \u0219i 1 octombrie 2016 \u0219i a reprezentat o premier\u0103 \u00een privin\u021ba deschiderii c\u0103tre pia\u021ba muzical\u0103 din Asia, prin participarea <strong>Orchestrei Simfonice din Shenzhen \u2013 China<\/strong>. Al\u0103turi de aceasta, au participat \u00een Festival alte 5 orchestre radio: <strong>Orchestra Simfonic\u0103 Radio NRK din Norvegia, Orchestra Simfonic\u0103 a Radiodifuziunii din Leipzig MDR, Orchestra Simfonic\u0103 a Radiodifuziunii Austriece ORF, BBC Concert Orchestra,<\/strong> al\u0103turi de gazda evenimentului, <strong>Orchestra Na\u021bional\u0103 Radio<\/strong>. Kristian Jarvi, directorul artistic al festivalului men\u021biona, demonstr\u00e2nd necesitatea unui astfel de eveniment \u00een sfera artistic\u0103 european\u0103 \u0219i interna\u021bional\u0103: <strong>\u201dFestivalul \u201dRadiRo\u201d a devenit un adev\u0103rat <em>hotspot<\/em>, locul de \u00eent\u00e2lnire al celor mai prestigioase orchestre radio din \u00eentreaga lume\u201d.<\/strong><\/p>\n<p><strong>\u00a0<\/strong><\/p>\n<p>&nbsp;<\/p>\n<p><strong>\u00a0<\/strong><strong>Edi\u021bia a IV-a Festivalului \u201dRadiRo\u201d <\/strong>se va desf\u0103\u0219ura \u00een perioada <strong>18 &#8211; 25 noiembrie 2018<\/strong>, Radio Rom\u00e2nia dorind s\u0103 marcheze astfel, cele dou\u0103 evenimente importante ale acestui an \u2013 <strong>aniversarea \u00eemplinirii a 90 de ani de existen\u021b\u0103 a postului public de radio<\/strong> (1 noiembrie) \u0219i <strong>aniversarea Centenarului Rom\u00e2niei<\/strong> (1 decembrie).<\/p>\n<p><strong>Edi\u021bia 2018 va include \u0219i o premier\u0103 \u2013 o serie de concerte de jazz sus\u021binute de Big Band-uri ale radiodifuziunilor publice din Danemarca, Croa\u021bia \u0219i bine\u00een\u021beles, Rom\u00e2nia. <\/strong>Vedeta acestei serii de concerte va fi, incontestabil, <strong>Aura Urziceanu<\/strong>, care va reveni \u00een Rom\u00e2nia dup\u0103 mai mul\u021bi ani, special pentru a c\u00e2nta \u00een fa\u021ba publicului Festivalului \u201dRadiRo\u201d \u0219i pentru ascult\u0103torii de radio din Rom\u00e2nia \u0219i din toate \u021b\u0103rile membre ale Uniunii Europene de Radio.<\/p>\n<ul>\n<li><strong>8 zile de festival<\/strong><\/li>\n<li><strong>5 orchestre simfonice radio \u0219i 3 Big Banduri \u2013 \u00een premier\u0103 la RadiRo<\/strong><\/li>\n<li><strong>2 s\u0103li de desf\u0103\u0219urare \u2013 Sala Radio (concerte simfonice 18-25 noiembrie)<\/strong><\/li>\n<\/ul>\n<p><strong>\u00a0\u00a0\u00a0\u00a0\u00a0\u00a0\u00a0\u00a0\u00a0\u00a0\u00a0\u00a0\u00a0\u00a0\u00a0\u00a0 Sala Auditorium a MNAR (concerte de jazz 21 \u2013 24\u00a0 noiembrie)<\/strong><\/p>\n<p>La sala Radio vor concerta: <strong>BBC Philharmonic Orchestra (Marea Britanie)<\/strong>, <strong>MDR Symphony Orchestra din Leipzig (Germania)<\/strong> &#8211; cea mai veche orchestr\u0103 european\u0103, <strong>RT\u00c9 National Symphony Orchestra (Dublin)<\/strong>, <strong>Orchestra della Svizzera Italiana -Lugano<\/strong>, al\u0103turi, bine\u00een\u021beles de gazda evenimentului, <strong>Orchestra Na\u021bional\u0103 Radio Rom\u00e2nia. <\/strong>Iar la Sala Auditorium a Muzeului Na\u021bional de Art\u0103 al Rom\u00e2niei, seria de jazz \u00cei va avea ca protagoni\u0219ti pe membrii a trei orchestre de jazz din Europa \u2013 <strong>Big Bandul Radio Danemarca, Orchestra de Jazz a Radioteleviziunii Croate \u0219i Big Bandul Radio Rom\u00e2nia.<\/strong><\/p>\n<p>Printre invita\u021bii care vor concerta \u00een Festivalul \u201dRadiRo\u201d se num\u0103r\u0103 dirijori \u0219i soli\u0219ti pe prim\u0103 m\u0103rime ai scenelor interna\u021bionale: dirijorii <strong>Vladimir Ashkenazy, Frederic Chaslin, Natalie Stutzmann<\/strong>, <strong>Jean-Claude Casadesus<\/strong>, <strong>Robert Trevino<\/strong>, piani\u0219tii <strong>Mihai Ritivoiu<\/strong> \u2013 laureat al Concursului Interna\u021bional G. Enescu, <strong>David Fray, Javier Perianes<\/strong>, violoncelistul <strong>Andrei Ioni\u021b\u0103<\/strong> \u2013 una dintre vedetele tinerei genera\u021bii, c\u00e2\u0219tig\u0103tor al Marelui Premiu la prestigiosul concurs Ceaikovski.<\/p>\n<p>&nbsp;<\/p>\n<p>&nbsp;<\/p>\n<p>&nbsp;<\/p>\n","protected":false},"excerpt":{"rendered":"<p>\u00a0\u00a0\u00a0\u00a0\u00a0\u00a0\u00a0 FESTIVALUL INTERNA\u021aIONAL AL ORCHESTRELOR RADIO\u00a0 \u201dRADIRO\u201d \u00a0Festivalul Interna\u021bional al Orchestrelor Radio \u201dRadiRo\u201d &#8211; singurul festival dedicat orchestrelor radio din Europa \u0219i din lume &#8211; este produs \u0219i organizat de Radio Rom\u00e2nia \u00eencep\u00e2nd din anul 2012. Organizat o dat\u0103 la doi ani, Festivalul \u201dRadiRo\u201d a reu\u0219it performan\u021ba de a deveni un reper bine individualizat pe &hellip; <\/p>\n","protected":false},"author":1,"featured_media":621,"parent":0,"menu_order":0,"comment_status":"closed","ping_status":"closed","template":"","meta":[],"_links":{"self":[{"href":"https:\/\/www.radirofestival.ro\/index.php?rest_route=\/wp\/v2\/pages\/11"}],"collection":[{"href":"https:\/\/www.radirofestival.ro\/index.php?rest_route=\/wp\/v2\/pages"}],"about":[{"href":"https:\/\/www.radirofestival.ro\/index.php?rest_route=\/wp\/v2\/types\/page"}],"author":[{"embeddable":true,"href":"https:\/\/www.radirofestival.ro\/index.php?rest_route=\/wp\/v2\/users\/1"}],"replies":[{"embeddable":true,"href":"https:\/\/www.radirofestival.ro\/index.php?rest_route=%2Fwp%2Fv2%2Fcomments&post=11"}],"version-history":[{"count":3,"href":"https:\/\/www.radirofestival.ro\/index.php?rest_route=\/wp\/v2\/pages\/11\/revisions"}],"predecessor-version":[{"id":164,"href":"https:\/\/www.radirofestival.ro\/index.php?rest_route=\/wp\/v2\/pages\/11\/revisions\/164"}],"wp:featuredmedia":[{"embeddable":true,"href":"https:\/\/www.radirofestival.ro\/index.php?rest_route=\/wp\/v2\/media\/621"}],"wp:attachment":[{"href":"https:\/\/www.radirofestival.ro\/index.php?rest_route=%2Fwp%2Fv2%2Fmedia&parent=11"}],"curies":[{"name":"wp","href":"https:\/\/api.w.org\/{rel}","templated":true}]}}