{"id":230,"date":"2018-09-22T08:55:08","date_gmt":"2018-09-22T08:55:08","guid":{"rendered":"http:\/\/www.radirofestival.ro\/?page_id=230"},"modified":"2018-10-01T12:27:02","modified_gmt":"2018-10-01T12:27:02","slug":"bbc-philharmonic-orchestra","status":"publish","type":"page","link":"https:\/\/www.radirofestival.ro\/?page_id=230","title":{"rendered":"BBC Philharmonic Orchestra"},"content":{"rendered":"<p><strong>\u00a0<\/strong><\/p>\n<p><img loading=\"lazy\" class=\"size-medium wp-image-337 alignleft\" src=\"https:\/\/www.radirofestival.ro\/wp-content\/uploads\/2018\/09\/BBC_2__foto-Jenny-Whitham-BBC-1-300x200.jpeg\" alt=\"\" width=\"300\" height=\"200\" srcset=\"https:\/\/www.radirofestival.ro\/wp-content\/uploads\/2018\/09\/BBC_2__foto-Jenny-Whitham-BBC-1-300x200.jpeg 300w, https:\/\/www.radirofestival.ro\/wp-content\/uploads\/2018\/09\/BBC_2__foto-Jenny-Whitham-BBC-1-768x512.jpeg 768w, https:\/\/www.radirofestival.ro\/wp-content\/uploads\/2018\/09\/BBC_2__foto-Jenny-Whitham-BBC-1-1024x682.jpeg 1024w, https:\/\/www.radirofestival.ro\/wp-content\/uploads\/2018\/09\/BBC_2__foto-Jenny-Whitham-BBC-1.jpeg 1280w\" sizes=\"(max-width: 300px) 100vw, 300px\" \/><\/p>\n<p>Cu o viziune muzical\u0103 flexibil\u0103 \u0219i inovatoare, Orchestra Filarmonic\u0103 BBC are sediul la Salford, \u00een Marea Britanie, \u0219i se bucur\u0103 ast\u0103zi de o apreciere unanim\u0103 la nivel interna\u021bional. Animat\u0103 de ideea de a face muzica clasic\u0103 accesibil\u0103 publicului, orchestra se remarc\u0103 printr-o spectaculoas\u0103 abordare a repertoriului, inser\u00e2nd \u00een canonul clasic \u0219i lucr\u0103ri de muzic\u0103 contemporan\u0103 sau mai pu\u021bin prezent\u0103 \u00een programul altor orchestre.<\/p>\n<p>Fiind una dintre cele 6 orchestre \u0219i coruri ale BBC, ansamblul sus\u021bine peste 100 de concerte pe an, difuzate pe BBC Radio 3, \u00eenregistrate \u00een studioul MediaCityUK, BBC North, construit special cu acest scop, \u00een Salford Quays. Anual, peste 5000 de persoane asist\u0103 la concertele sus\u021binute gratis de orchestr\u0103. Pasiunea cu care \u0219i-a propus s\u0103 apropie noile genera\u021bii de muzica clasic\u0103 se reflect\u0103 \u00een colabor\u0103rile cu Clean Bandit, The 1975, Jarvis Cocker, Will Young, The Courteeners, Rag&#8217;n&#8217;Bone Man, Elbow \u0219i The xx.<\/p>\n<p>Orchestra \u00eenregistreaz\u0103 \u00een propriul studio, iar discografia de p\u00e2n\u0103 acum cuprinde peste 250 de albume pentru casa de discuri Chandos, cu v\u00e2nz\u0103ri de peste 1 milion de exemplare.<\/p>\n<p>Orchestra Filarmonic\u0103 BBC concerteaz\u0103 \u00een partea de nord a Marii Britanii, dar \u0219i \u00een alte zone \u2013 \u00een mod frecvent la Leeds, Hanley, Kendal, Hull, Sheffield, Blackburn, Carlisle \u0219i Nottingham, sus\u021bine concerte ca orchestr\u0103 \u00een reziden\u021b\u0103 la Bridgewater Hall din Manchester, precum \u0219i la Royal Albert Hall, \u00een cadrul BBC Proms. Realizeaz\u0103 turnee \u00een Europa \u0219i Asia, a concertat \u00een America \u0219i China, iar \u00een 2011 se afla \u00een turneu \u00een Japonia chiar \u00een perioada \u00een care au avut loc cutremurul \u0219i tsunami-ul care au lovit \u021aara Soarelui R\u0103sare.<\/p>\n<p><strong>\u00a0<\/strong><\/p>\n<p>&nbsp;<\/p>\n<ul>\n<li><em>credit foto:\u00a0Jenny Whitham<\/em><\/li>\n<\/ul>\n","protected":false},"excerpt":{"rendered":"<p>\u00a0 Cu o viziune muzical\u0103 flexibil\u0103 \u0219i inovatoare, Orchestra Filarmonic\u0103 BBC are sediul la Salford, \u00een Marea Britanie, \u0219i se bucur\u0103 ast\u0103zi de o apreciere unanim\u0103 la nivel interna\u021bional. Animat\u0103 de ideea de a face muzica clasic\u0103 accesibil\u0103 publicului, orchestra se remarc\u0103 printr-o spectaculoas\u0103 abordare a repertoriului, inser\u00e2nd \u00een canonul clasic \u0219i lucr\u0103ri de muzic\u0103 &hellip; <\/p>\n","protected":false},"author":2,"featured_media":336,"parent":0,"menu_order":0,"comment_status":"closed","ping_status":"closed","template":"","meta":[],"_links":{"self":[{"href":"https:\/\/www.radirofestival.ro\/index.php?rest_route=\/wp\/v2\/pages\/230"}],"collection":[{"href":"https:\/\/www.radirofestival.ro\/index.php?rest_route=\/wp\/v2\/pages"}],"about":[{"href":"https:\/\/www.radirofestival.ro\/index.php?rest_route=\/wp\/v2\/types\/page"}],"author":[{"embeddable":true,"href":"https:\/\/www.radirofestival.ro\/index.php?rest_route=\/wp\/v2\/users\/2"}],"replies":[{"embeddable":true,"href":"https:\/\/www.radirofestival.ro\/index.php?rest_route=%2Fwp%2Fv2%2Fcomments&post=230"}],"version-history":[{"count":4,"href":"https:\/\/www.radirofestival.ro\/index.php?rest_route=\/wp\/v2\/pages\/230\/revisions"}],"predecessor-version":[{"id":1009,"href":"https:\/\/www.radirofestival.ro\/index.php?rest_route=\/wp\/v2\/pages\/230\/revisions\/1009"}],"wp:featuredmedia":[{"embeddable":true,"href":"https:\/\/www.radirofestival.ro\/index.php?rest_route=\/wp\/v2\/media\/336"}],"wp:attachment":[{"href":"https:\/\/www.radirofestival.ro\/index.php?rest_route=%2Fwp%2Fv2%2Fmedia&parent=230"}],"curies":[{"name":"wp","href":"https:\/\/api.w.org\/{rel}","templated":true}]}}