{"id":234,"date":"2018-09-22T08:57:14","date_gmt":"2018-09-22T08:57:14","guid":{"rendered":"http:\/\/www.radirofestival.ro\/?page_id=234"},"modified":"2018-09-26T00:07:11","modified_gmt":"2018-09-26T00:07:11","slug":"mdr-leipzig-radio-symphony-orchestra","status":"publish","type":"page","link":"https:\/\/www.radirofestival.ro\/?page_id=234","title":{"rendered":"MDR Leipzig Radio Symphony Orchestra"},"content":{"rendered":"<p><strong>MDR Leipzig\u00a0 Radio Symphony Orchestra &#8211; <\/strong>cea mai veche orchestr\u0103 radio din Germania \u0219i una dintre cele mai dinamice din Europa- revine \u00een RadiRo. Fondat\u0103 \u00een 1923, orchestra \u00ee\u0219i are r\u0103d\u0103cinile \u00eentr-o regiune impregnat\u0103 de arta unor compozitori de geniu, ca Johann Sebastian Bach, Felix Mendelssohn, Richard Wagner, Robert Schumann, Franz Liszt, Kurt Weill. Extraordinara tradi\u021bie muzical\u0103 a locului constituie un impuls \u00een adoptarea unei atitudini creatoare \u00een rela\u021bie cu repertoriul consacrat \u0219i a unei mari deschideri spre cel contemporan.<\/p>\n<p>Hermann Abendroth, Herbert Kegel, Wolf-Dieter Hauschild, Fabio Luisi, Jun M\u00e4rkl s-au aflat \u00eentre dirijorii principali care au marcat evolu\u021bia Orchestrei Simfonice Radio <em>MDR<\/em> din Leipzig p\u00e2n\u0103 la numirea lui Kristjan J\u00e4rvi, \u00een septembrie 2012.<\/p>\n<p>Concerte sus\u021binute cu invita\u021bi ca Julia Fischer, Renaud Capu\u00e7on, Patricia Petibon, Sarah Chang, Jean-Yves Thibaudet, Anoushka Shankar, Steve Reich sau Roby Lakatos reflect\u0103 diversitatea paletei repertoriale \u00een care valorosul ansamblu german se simte confortabil.<\/p>\n<p>&nbsp;<\/p>\n<ul>\n<li><em>credit photo:\u00a0Peter-Adamik<\/em><\/li>\n<\/ul>\n","protected":false},"excerpt":{"rendered":"<p>MDR Leipzig\u00a0 Radio Symphony Orchestra &#8211; cea mai veche orchestr\u0103 radio din Germania \u0219i una dintre cele mai dinamice din Europa- revine \u00een RadiRo. Fondat\u0103 \u00een 1923, orchestra \u00ee\u0219i are r\u0103d\u0103cinile \u00eentr-o regiune impregnat\u0103 de arta unor compozitori de geniu, ca Johann Sebastian Bach, Felix Mendelssohn, Richard Wagner, Robert Schumann, Franz Liszt, Kurt Weill. Extraordinara &hellip; <\/p>\n","protected":false},"author":2,"featured_media":390,"parent":0,"menu_order":0,"comment_status":"closed","ping_status":"closed","template":"","meta":[],"_links":{"self":[{"href":"https:\/\/www.radirofestival.ro\/index.php?rest_route=\/wp\/v2\/pages\/234"}],"collection":[{"href":"https:\/\/www.radirofestival.ro\/index.php?rest_route=\/wp\/v2\/pages"}],"about":[{"href":"https:\/\/www.radirofestival.ro\/index.php?rest_route=\/wp\/v2\/types\/page"}],"author":[{"embeddable":true,"href":"https:\/\/www.radirofestival.ro\/index.php?rest_route=\/wp\/v2\/users\/2"}],"replies":[{"embeddable":true,"href":"https:\/\/www.radirofestival.ro\/index.php?rest_route=%2Fwp%2Fv2%2Fcomments&post=234"}],"version-history":[{"count":4,"href":"https:\/\/www.radirofestival.ro\/index.php?rest_route=\/wp\/v2\/pages\/234\/revisions"}],"predecessor-version":[{"id":946,"href":"https:\/\/www.radirofestival.ro\/index.php?rest_route=\/wp\/v2\/pages\/234\/revisions\/946"}],"wp:featuredmedia":[{"embeddable":true,"href":"https:\/\/www.radirofestival.ro\/index.php?rest_route=\/wp\/v2\/media\/390"}],"wp:attachment":[{"href":"https:\/\/www.radirofestival.ro\/index.php?rest_route=%2Fwp%2Fv2%2Fmedia&parent=234"}],"curies":[{"name":"wp","href":"https:\/\/api.w.org\/{rel}","templated":true}]}}