{"id":236,"date":"2018-09-22T08:57:57","date_gmt":"2018-09-22T08:57:57","guid":{"rendered":"http:\/\/www.radirofestival.ro\/?page_id=236"},"modified":"2018-09-24T16:56:47","modified_gmt":"2018-09-24T16:56:47","slug":"mdr-leipzig-radio-symphony-orchestra-2","status":"publish","type":"page","link":"https:\/\/www.radirofestival.ro\/?page_id=236&lang=en","title":{"rendered":"MDR Leipzig Radio Symphony Orchestra"},"content":{"rendered":"<p>MDR Leipzig Radio Symphony Orchestra, the oldest radio orchestra in Germany and one of the liveliest in Europe, makes its return at the RadiRo Festival. Established in 1923, the ensemble is rooted in a region whose musical landscape has been shaped by composers such as Johann Sebastian Bach, Felix Mendelssohn Bartholdy, Richard Wagner, Robert Schumann, Franz Liszt and Kurt Weill.<\/p>\n<p>The orchestra takes the innovative spirit of this extraordinary musical tradition of the region in dealing both with the classical repertoire and the most recent developments in contemporary music.<\/p>\n<p>Hermann Abendroth, Herbert Kegel, Wolf-Dieter Hauschild, Fabio Luisi and Jun M\u00e4rkl have been some of the major conductors who have left their impact on the evolution of the orchestra until the appointment of Kristjan J\u00e4rvi in September 2012.<\/p>\n<p>Concerts featuring artists such as Anoushka Shankar, Steve Reich, Hauschka, M\u00fam, Julia Fischer, Angelika Kirchschlager, Renaud Capu\u00e7on, Patricia Petibon, Alexander Toradze, Sarah Chang, Jean-Yves Thibaudet, Pekka Kuusisto, Gabriela Montero, Nils M\u00f6nkemeyer, Antoine Tamestit or Roby Lakatos reflect the diversity of the orchestra\u2019s repertoire.<\/p>\n<p>&nbsp;<\/p>\n<ul>\n<li><em>credit photo:\u00a0Peter-Adamik<\/em><\/li>\n<\/ul>\n","protected":false},"excerpt":{"rendered":"<p>MDR Leipzig Radio Symphony Orchestra, the oldest radio orchestra in Germany and one of the liveliest in Europe, makes its return at the RadiRo Festival. Established in 1923, the ensemble is rooted in a region whose musical landscape has been shaped by composers such as Johann Sebastian Bach, Felix Mendelssohn Bartholdy, Richard Wagner, Robert Schumann, &hellip; <\/p>\n","protected":false},"author":2,"featured_media":440,"parent":0,"menu_order":0,"comment_status":"closed","ping_status":"closed","template":"","meta":[],"_links":{"self":[{"href":"https:\/\/www.radirofestival.ro\/index.php?rest_route=\/wp\/v2\/pages\/236"}],"collection":[{"href":"https:\/\/www.radirofestival.ro\/index.php?rest_route=\/wp\/v2\/pages"}],"about":[{"href":"https:\/\/www.radirofestival.ro\/index.php?rest_route=\/wp\/v2\/types\/page"}],"author":[{"embeddable":true,"href":"https:\/\/www.radirofestival.ro\/index.php?rest_route=\/wp\/v2\/users\/2"}],"replies":[{"embeddable":true,"href":"https:\/\/www.radirofestival.ro\/index.php?rest_route=%2Fwp%2Fv2%2Fcomments&post=236"}],"version-history":[{"count":2,"href":"https:\/\/www.radirofestival.ro\/index.php?rest_route=\/wp\/v2\/pages\/236\/revisions"}],"predecessor-version":[{"id":792,"href":"https:\/\/www.radirofestival.ro\/index.php?rest_route=\/wp\/v2\/pages\/236\/revisions\/792"}],"wp:featuredmedia":[{"embeddable":true,"href":"https:\/\/www.radirofestival.ro\/index.php?rest_route=\/wp\/v2\/media\/440"}],"wp:attachment":[{"href":"https:\/\/www.radirofestival.ro\/index.php?rest_route=%2Fwp%2Fv2%2Fmedia&parent=236"}],"curies":[{"name":"wp","href":"https:\/\/api.w.org\/{rel}","templated":true}]}}