{"id":242,"date":"2018-09-22T09:09:00","date_gmt":"2018-09-22T09:09:00","guid":{"rendered":"http:\/\/www.radirofestival.ro\/?page_id=242"},"modified":"2018-09-24T17:15:33","modified_gmt":"2018-09-24T17:15:33","slug":"rte-national-symphony-orchestra","status":"publish","type":"page","link":"https:\/\/www.radirofestival.ro\/?page_id=242","title":{"rendered":"RT\u00c9 National Symphony Orchestra"},"content":{"rendered":"<p>&nbsp;<\/p>\n<p>&nbsp;<\/p>\n<p><img loading=\"lazy\" class=\"size-medium wp-image-406 alignleft\" src=\"https:\/\/www.radirofestival.ro\/wp-content\/uploads\/2018\/09\/RT\u00c9-National-Symphony-Orchestra_2-300x253.jpg\" alt=\"\" width=\"300\" height=\"253\" srcset=\"https:\/\/www.radirofestival.ro\/wp-content\/uploads\/2018\/09\/RT\u00c9-National-Symphony-Orchestra_2-300x253.jpg 300w, https:\/\/www.radirofestival.ro\/wp-content\/uploads\/2018\/09\/RT\u00c9-National-Symphony-Orchestra_2-768x648.jpg 768w, https:\/\/www.radirofestival.ro\/wp-content\/uploads\/2018\/09\/RT\u00c9-National-Symphony-Orchestra_2.jpg 1000w\" sizes=\"(max-width: 300px) 100vw, 300px\" \/><\/p>\n<p>De la \u00eenfiin\u0163area, \u00een 1948, sub denumirea <em>Radio \u00c9ireann Symphony Orchestra<\/em>, Orchestra Simfonic\u0103 Na\u0163ional\u0103 a Radioteleviziunii Irlandeze a fost promotoarea muzicii simfonice \u00een Irlanda, cu o concertistic\u0103 ne\u00eentrerupt\u0103 p\u00e2n\u0103 \u00een zilele noastre. Arti\u015fti \u015fi dirijori legendari au colaborat cu aceast\u0103 orchestr\u0103 \u00een cei 70 de ani de existen\u0163\u0103, de la Igor Stravinski, Jean Martinon sau Sir John Barbirolli, la Vladimir Ashkenazy, Martha Argerich, Radu Lupu, Angela Gheorghiu, Kiri te Kanawa, Luciano Pavarotti, Pl\u00e1cido Domingo, \u00a0Constantin Silvestri, Charles Dutoit, Witold Lutos\u0142awski, Olivier Messiaen, Karlheinz Stockhausen \u015fi Arvo P\u00e4rt.<\/p>\n<p>Prin proiectele educative, prin seriile de concerte difuzate live de postul <em>RT\u00c9 lyric fm<\/em> \u015fi \u00een \u00eentreaga lume prin intermediul Uniunii Europene de Radio \u015fi Televiziune,\u00a0 Orchestra Simfonic\u0103 Na\u0163ional\u0103 RT\u00c9 \u015fi-a c\u00e2\u015ftigat un statut special \u00een via\u0163a cultural\u0103 a \u0163\u0103rii, juc\u00e2nd un rol central \u00een promovarea crea\u0163iilor muzicale clasice \u015fi contemporane. Din septembrie 2017, Nathalie Stutzmann este prim-dirijor invitat al acestui important ansamblu simfonic european.<\/p>\n","protected":false},"excerpt":{"rendered":"<p>&nbsp; &nbsp; De la \u00eenfiin\u0163area, \u00een 1948, sub denumirea Radio \u00c9ireann Symphony Orchestra, Orchestra Simfonic\u0103 Na\u0163ional\u0103 a Radioteleviziunii Irlandeze a fost promotoarea muzicii simfonice \u00een Irlanda, cu o concertistic\u0103 ne\u00eentrerupt\u0103 p\u00e2n\u0103 \u00een zilele noastre. Arti\u015fti \u015fi dirijori legendari au colaborat cu aceast\u0103 orchestr\u0103 \u00een cei 70 de ani de existen\u0163\u0103, de la Igor Stravinski, Jean &hellip; <\/p>\n","protected":false},"author":2,"featured_media":407,"parent":0,"menu_order":0,"comment_status":"closed","ping_status":"closed","template":"","meta":[],"_links":{"self":[{"href":"https:\/\/www.radirofestival.ro\/index.php?rest_route=\/wp\/v2\/pages\/242"}],"collection":[{"href":"https:\/\/www.radirofestival.ro\/index.php?rest_route=\/wp\/v2\/pages"}],"about":[{"href":"https:\/\/www.radirofestival.ro\/index.php?rest_route=\/wp\/v2\/types\/page"}],"author":[{"embeddable":true,"href":"https:\/\/www.radirofestival.ro\/index.php?rest_route=\/wp\/v2\/users\/2"}],"replies":[{"embeddable":true,"href":"https:\/\/www.radirofestival.ro\/index.php?rest_route=%2Fwp%2Fv2%2Fcomments&post=242"}],"version-history":[{"count":2,"href":"https:\/\/www.radirofestival.ro\/index.php?rest_route=\/wp\/v2\/pages\/242\/revisions"}],"predecessor-version":[{"id":815,"href":"https:\/\/www.radirofestival.ro\/index.php?rest_route=\/wp\/v2\/pages\/242\/revisions\/815"}],"wp:featuredmedia":[{"embeddable":true,"href":"https:\/\/www.radirofestival.ro\/index.php?rest_route=\/wp\/v2\/media\/407"}],"wp:attachment":[{"href":"https:\/\/www.radirofestival.ro\/index.php?rest_route=%2Fwp%2Fv2%2Fmedia&parent=242"}],"curies":[{"name":"wp","href":"https:\/\/api.w.org\/{rel}","templated":true}]}}