{"id":258,"date":"2018-09-22T09:14:34","date_gmt":"2018-09-22T09:14:34","guid":{"rendered":"http:\/\/www.radirofestival.ro\/?page_id=258"},"modified":"2018-09-22T12:41:36","modified_gmt":"2018-09-22T12:41:36","slug":"big-band-ul-radio-romania-aura-urziceanu-si-ionel-tudor","status":"publish","type":"page","link":"https:\/\/www.radirofestival.ro\/?page_id=258","title":{"rendered":"Big Band-ul Radio Rom\u00e2nia, Aura Urziceanu \u015fi Ionel Tudor"},"content":{"rendered":"<p><strong><img loading=\"lazy\" class=\"size-medium wp-image-340 alignleft\" src=\"https:\/\/www.radirofestival.ro\/wp-content\/uploads\/2018\/09\/Big-Band_2_Foto_Liviu-Ungureanu-1-300x169.jpg\" alt=\"\" width=\"300\" height=\"169\" srcset=\"https:\/\/www.radirofestival.ro\/wp-content\/uploads\/2018\/09\/Big-Band_2_Foto_Liviu-Ungureanu-1-300x169.jpg 300w, https:\/\/www.radirofestival.ro\/wp-content\/uploads\/2018\/09\/Big-Band_2_Foto_Liviu-Ungureanu-1-768x432.jpg 768w, https:\/\/www.radirofestival.ro\/wp-content\/uploads\/2018\/09\/Big-Band_2_Foto_Liviu-Ungureanu-1-1024x576.jpg 1024w, https:\/\/www.radirofestival.ro\/wp-content\/uploads\/2018\/09\/Big-Band_2_Foto_Liviu-Ungureanu-1-1920x1080.jpg 1920w\" sizes=\"(max-width: 300px) 100vw, 300px\" \/>Big Band-ul Radio<\/strong> a luat fiin\u021b\u0103 \u00een 1949, \u00eent\u00e2i \u00een formula combo, pentru ca \u00een anul 1953, c\u00e2nd la conducerea acestei orchestre a fost numit Sile Dinicu, s\u0103 se m\u0103reasc\u0103 cu o sec\u021biune de corzi, ajung\u00e2nd la un ansamblu de 45 de instrumenti\u0219ti \u0219i purt\u00e2nd denumirea de Orchestra Radio-Televiziunii Rom\u00e2ne. Dup\u0103 1989, orchestra a devenit ceea ce este azi: Big Band-ul Radio. De-a lungul anilor, 4 dirijori \u0219i-au legat numele de aceast\u0103 orchestr\u0103: Sile Dinicu (din 1953), Cornel Popescu (din 1985), Ion Cristinoiu (din 1991) si Ionel Tudor (din 1994).<\/p>\n<p>Orchestra este alcatuit\u0103 din muzicieni de elit\u0103, dar \u0219i din cei mai buni instrumenti\u0219ti din t\u00e2n\u0103ra genera\u021bie \u0219i reprezint\u0103 un ansamblu unic \u00een peisajul muzical rom\u00e2nesc.<\/p>\n<p>Big Band-ul Radio a fost prezent pe scena celor mai importante evenimente, concursuri si festivaluri, na\u021bionale si interna\u021bionale, de muzic\u0103 de jazz, blues, pop, pop-rock sau simfonic-pop din Rom\u00e2nia, \u00een nenumarate concerte de tip &#8222;Proms&#8221;, emisiuni si concursuri de televiziune, emisiuni de radio precum \u0219i numeroase concerte \u0219i recitaluri al\u0103turi de nume mari ale jazz-ului, blues-ului sau ale muzicii pop sau rock din \u021bar\u0103 sau din str\u0103in\u0103tate.<\/p>\n<p>&nbsp;<\/p>\n<p><strong><img loading=\"lazy\" class=\"size-medium wp-image-339 alignleft\" src=\"https:\/\/www.radirofestival.ro\/wp-content\/uploads\/2018\/09\/aura-urziceanu-195x300.jpg\" alt=\"\" width=\"195\" height=\"300\" srcset=\"https:\/\/www.radirofestival.ro\/wp-content\/uploads\/2018\/09\/aura-urziceanu-195x300.jpg 195w, https:\/\/www.radirofestival.ro\/wp-content\/uploads\/2018\/09\/aura-urziceanu-768x1179.jpg 768w, https:\/\/www.radirofestival.ro\/wp-content\/uploads\/2018\/09\/aura-urziceanu-667x1024.jpg 667w, https:\/\/www.radirofestival.ro\/wp-content\/uploads\/2018\/09\/aura-urziceanu.jpg 800w\" sizes=\"(max-width: 195px) 100vw, 195px\" \/>Aura Urziceanu<\/strong><\/p>\n<p>Una dintre cele mai expresive voci ale timpurilor noastre, Aura Urziceanu a cucerit publicul prin interpret\u0103ri de excep\u0163ie \u015fi prin materiale componistice pline de originalitate, constant proaspete \u015fi pline de fantezie.<\/p>\n<p>Cariera ei reprezint\u0103 o \u00eembinare variat\u0103 de genuri muzicale: de la pop la folclor, de la muzica clasic\u0103 la jazz, inclusiv concerte \u015fi show-uri de televiziune. A c\u00e2\u015ftigat distinc\u0163ii \u015fi premii precum Europe Cup \u2013 Knocke, Belgia , The Europe Prize \u015fi a ob\u0163inut cronici superlative \u00een America de Nord, \u00een publica\u0163ii precum New York Times, Toronto Life, New Yorker,Canadian Composer.<br \/>\nAura Urziceanu a sus\u0163inut\u00a0 turnee \u00een \u00a0Statele Unite ale Americii, Brazilia, Japonia, Australia si Europa, oferind concerte \u00een compania unor mari\u00a0 muzicieni\u00a0 \u015fi instrumenti\u015fti americani\u00a0 precum \u00a0Duke Ellington, Quincy Jones, Thad Jones &amp; Mel Lewis Orchestra, Dizzy Gillespie, Art Blakey, Horace Silver, Clark Terry, Stan Gets.\u00a0 A c\u00e2ntat cu Ella Fitzgerald, Sarah Vaughn, Dionne Worick, Joe Williams \u015fi Jack Jones.<\/p>\n<p>\u00cen anul 2005 a \u00eenregistrat binecunoscutul album, <em>The best of Aura<\/em>.<\/p>\n<p>&nbsp;<\/p>\n<p><strong><img loading=\"lazy\" class=\"size-medium wp-image-341 alignleft\" src=\"https:\/\/www.radirofestival.ro\/wp-content\/uploads\/2018\/09\/Ionel-Tudor_Foto_Liviu-Ungureanu-2-300x169.jpg\" alt=\"\" width=\"300\" height=\"169\" srcset=\"https:\/\/www.radirofestival.ro\/wp-content\/uploads\/2018\/09\/Ionel-Tudor_Foto_Liviu-Ungureanu-2-300x169.jpg 300w, https:\/\/www.radirofestival.ro\/wp-content\/uploads\/2018\/09\/Ionel-Tudor_Foto_Liviu-Ungureanu-2-768x432.jpg 768w, https:\/\/www.radirofestival.ro\/wp-content\/uploads\/2018\/09\/Ionel-Tudor_Foto_Liviu-Ungureanu-2-1024x576.jpg 1024w, https:\/\/www.radirofestival.ro\/wp-content\/uploads\/2018\/09\/Ionel-Tudor_Foto_Liviu-Ungureanu-2-1920x1080.jpg 1920w\" sizes=\"(max-width: 300px) 100vw, 300px\" \/>Ionel Tudor<\/strong> este unul dintre pu\u021binii muzicieni contemporani care au \u201dp\u0103truns\u201d (pe c\u00e2nd avea 14 ani) \u00een \u201dlaboratorul sonor\u201d al Big Band-lui Radio, condus de Sile Dinicu. Pentru Ionel Tudor a fost o experien\u021b\u0103 esen\u021bial\u0103 \u00een drumul s\u0103u artistic pentru atingerea actualului statut, de muzician complet. \u00cen\u021belepciunea \u0219i r\u0103bdarea sunt leitmotivele\u00a0 progresiei artistice a lui Ionel Tudor, un muzician care a \u00eembinat \u00a0armonios propriul talent cu \u0219tiin\u021ba artei sonore.<\/p>\n<p>Pianist, pedagog, compozitor, orchestrator \u0219i dirijor, Ionel Tudor\u00a0 contureaz\u0103 elocvent condi\u021bia muzicianului cu notorietate. Dincolo de premiile ob\u021binute la Festivalul de la Mamaia, de contribu\u021bia personal\u0103 la afirmarea unor arti\u0219ti importan\u021bi autohtoni, Ionel Tudor este unul dintre cei mai importan\u021bi sus\u021bin\u0103tori ai crea\u021biei\u00a0 rom\u00e2ne\u0219ti. Cei aproape 30 de ani de c\u00e2nd este membru al Uniunii Compozitorilor \u0219i Muzicologilor din Rom\u00e2nia \u0219i deceniile petrecute la pupitrul Big Bandului Radio, argumenteaz\u0103 reputa\u021bia incontestabil\u0103 a lui Ionel Tudor, o personalitate a muzicii autohtone.<\/p>\n<p>&nbsp;<\/p>\n<ul>\n<li><em>credit foto: Liviu Ungureanu<\/em><\/li>\n<\/ul>\n","protected":false},"excerpt":{"rendered":"<p>Big Band-ul Radio a luat fiin\u021b\u0103 \u00een 1949, \u00eent\u00e2i \u00een formula combo, pentru ca \u00een anul 1953, c\u00e2nd la conducerea acestei orchestre a fost numit Sile Dinicu, s\u0103 se m\u0103reasc\u0103 cu o sec\u021biune de corzi, ajung\u00e2nd la un ansamblu de 45 de instrumenti\u0219ti \u0219i purt\u00e2nd denumirea de Orchestra Radio-Televiziunii Rom\u00e2ne. Dup\u0103 1989, orchestra a devenit &hellip; <\/p>\n","protected":false},"author":2,"featured_media":338,"parent":0,"menu_order":0,"comment_status":"closed","ping_status":"closed","template":"","meta":[],"_links":{"self":[{"href":"https:\/\/www.radirofestival.ro\/index.php?rest_route=\/wp\/v2\/pages\/258"}],"collection":[{"href":"https:\/\/www.radirofestival.ro\/index.php?rest_route=\/wp\/v2\/pages"}],"about":[{"href":"https:\/\/www.radirofestival.ro\/index.php?rest_route=\/wp\/v2\/types\/page"}],"author":[{"embeddable":true,"href":"https:\/\/www.radirofestival.ro\/index.php?rest_route=\/wp\/v2\/users\/2"}],"replies":[{"embeddable":true,"href":"https:\/\/www.radirofestival.ro\/index.php?rest_route=%2Fwp%2Fv2%2Fcomments&post=258"}],"version-history":[{"count":4,"href":"https:\/\/www.radirofestival.ro\/index.php?rest_route=\/wp\/v2\/pages\/258\/revisions"}],"predecessor-version":[{"id":353,"href":"https:\/\/www.radirofestival.ro\/index.php?rest_route=\/wp\/v2\/pages\/258\/revisions\/353"}],"wp:featuredmedia":[{"embeddable":true,"href":"https:\/\/www.radirofestival.ro\/index.php?rest_route=\/wp\/v2\/media\/338"}],"wp:attachment":[{"href":"https:\/\/www.radirofestival.ro\/index.php?rest_route=%2Fwp%2Fv2%2Fmedia&parent=258"}],"curies":[{"name":"wp","href":"https:\/\/api.w.org\/{rel}","templated":true}]}}