{"id":274,"date":"2018-09-22T09:29:21","date_gmt":"2018-09-22T09:29:21","guid":{"rendered":"http:\/\/www.radirofestival.ro\/?page_id=274"},"modified":"2018-09-24T16:25:03","modified_gmt":"2018-09-24T16:25:03","slug":"dirijorul-ben-gernon","status":"publish","type":"page","link":"https:\/\/www.radirofestival.ro\/?page_id=274","title":{"rendered":"Dirijorul Ben Gernon"},"content":{"rendered":"<p>&nbsp;<\/p>\n<p><img loading=\"lazy\" class=\"size-medium wp-image-365 alignleft\" src=\"https:\/\/www.radirofestival.ro\/wp-content\/uploads\/2018\/09\/Ben-Gernon_DIRIJOR-2_credit-Simon-Annand-216-300x226.jpg\" alt=\"\" width=\"300\" height=\"226\" srcset=\"https:\/\/www.radirofestival.ro\/wp-content\/uploads\/2018\/09\/Ben-Gernon_DIRIJOR-2_credit-Simon-Annand-216-300x226.jpg 300w, https:\/\/www.radirofestival.ro\/wp-content\/uploads\/2018\/09\/Ben-Gernon_DIRIJOR-2_credit-Simon-Annand-216-768x579.jpg 768w, https:\/\/www.radirofestival.ro\/wp-content\/uploads\/2018\/09\/Ben-Gernon_DIRIJOR-2_credit-Simon-Annand-216-1024x772.jpg 1024w\" sizes=\"(max-width: 300px) 100vw, 300px\" \/>T\u00e2n\u0103rul \u0219ef de orchestr\u0103 britanic impresioneaz\u0103 prin autoritatea, energia \u0219i buna st\u0103p\u00e2nire a orchestrei, prin interpret\u0103rile sale incisive, pline de tr\u0103ire \u0219i plasticitate.<\/p>\n<p>Din 2017, Ben Gernon a devenit \u00a0prim-dirijor invitat \u00a0al BBC Philharmonic Orchestra, desf\u0103\u0219ur\u00e2nd o intens\u0103 activitate cu ansamblurile BBC, dar \u00a0\u0219i cu alte orchestre britanice.<\/p>\n<p>La nici 30 de ani, s-a aflat deja la pupitrul unor orchestre de prestigiu ale lumii: Czech Philharmonic, Oslo Philharmonic, Los Angeles Philharmonic, Chicago Symphony \u00a0\u0219i este din ce \u00een ce mai solicitat de teatrele de oper\u0103. A condus spectacole\u00a0 ale Operei Regale a Suediei, ale Operei din Stuttgart, iar stagiunea 2018\/19 \u00a0anun\u021b\u0103 debutul lui Ben Gernon \u00a0la English National Opera, ca dirijor al produc\u021biei lui Simon McBurney cu \u201dFlautul fermecat\u201d de Mozart.<\/p>\n<p>Ben Gernon a studiat la Guildhall School of Music and Drama din Londra cu Sian Edwards \u0219i cu regretatul Sir Colin Davis, care a exercitat o influen\u021b\u0103 profund\u0103 \u00een evolu\u021bia t\u00e2n\u0103rului muzician.<\/p>\n<p>&nbsp;<\/p>\n<p><em>credit photo: Simon-Annand<\/em><\/p>\n","protected":false},"excerpt":{"rendered":"<p>&nbsp; T\u00e2n\u0103rul \u0219ef de orchestr\u0103 britanic impresioneaz\u0103 prin autoritatea, energia \u0219i buna st\u0103p\u00e2nire a orchestrei, prin interpret\u0103rile sale incisive, pline de tr\u0103ire \u0219i plasticitate. Din 2017, Ben Gernon a devenit \u00a0prim-dirijor invitat \u00a0al BBC Philharmonic Orchestra, desf\u0103\u0219ur\u00e2nd o intens\u0103 activitate cu ansamblurile BBC, dar \u00a0\u0219i cu alte orchestre britanice. La nici 30 de ani, s-a &hellip; <\/p>\n","protected":false},"author":2,"featured_media":364,"parent":0,"menu_order":0,"comment_status":"closed","ping_status":"closed","template":"","meta":[],"_links":{"self":[{"href":"https:\/\/www.radirofestival.ro\/index.php?rest_route=\/wp\/v2\/pages\/274"}],"collection":[{"href":"https:\/\/www.radirofestival.ro\/index.php?rest_route=\/wp\/v2\/pages"}],"about":[{"href":"https:\/\/www.radirofestival.ro\/index.php?rest_route=\/wp\/v2\/types\/page"}],"author":[{"embeddable":true,"href":"https:\/\/www.radirofestival.ro\/index.php?rest_route=\/wp\/v2\/users\/2"}],"replies":[{"embeddable":true,"href":"https:\/\/www.radirofestival.ro\/index.php?rest_route=%2Fwp%2Fv2%2Fcomments&post=274"}],"version-history":[{"count":2,"href":"https:\/\/www.radirofestival.ro\/index.php?rest_route=\/wp\/v2\/pages\/274\/revisions"}],"predecessor-version":[{"id":758,"href":"https:\/\/www.radirofestival.ro\/index.php?rest_route=\/wp\/v2\/pages\/274\/revisions\/758"}],"wp:featuredmedia":[{"embeddable":true,"href":"https:\/\/www.radirofestival.ro\/index.php?rest_route=\/wp\/v2\/media\/364"}],"wp:attachment":[{"href":"https:\/\/www.radirofestival.ro\/index.php?rest_route=%2Fwp%2Fv2%2Fmedia&parent=274"}],"curies":[{"name":"wp","href":"https:\/\/api.w.org\/{rel}","templated":true}]}}