{"id":278,"date":"2018-09-22T09:30:21","date_gmt":"2018-09-22T09:30:21","guid":{"rendered":"http:\/\/www.radirofestival.ro\/?page_id=278"},"modified":"2018-09-24T16:37:13","modified_gmt":"2018-09-24T16:37:13","slug":"dirijorul-moritz-gnann","status":"publish","type":"page","link":"https:\/\/www.radirofestival.ro\/?page_id=278","title":{"rendered":"Dirijorul Moritz Gnann"},"content":{"rendered":"<p><img loading=\"lazy\" class=\"size-medium wp-image-374 alignleft\" src=\"https:\/\/www.radirofestival.ro\/wp-content\/uploads\/2018\/09\/BBC-Moritz-Gnann_DIRIJOR-2-credit-Hilary-Scott-300x191.jpg\" alt=\"\" width=\"300\" height=\"191\" srcset=\"https:\/\/www.radirofestival.ro\/wp-content\/uploads\/2018\/09\/BBC-Moritz-Gnann_DIRIJOR-2-credit-Hilary-Scott-300x191.jpg 300w, https:\/\/www.radirofestival.ro\/wp-content\/uploads\/2018\/09\/BBC-Moritz-Gnann_DIRIJOR-2-credit-Hilary-Scott-768x488.jpg 768w, https:\/\/www.radirofestival.ro\/wp-content\/uploads\/2018\/09\/BBC-Moritz-Gnann_DIRIJOR-2-credit-Hilary-Scott-1024x651.jpg 1024w\" sizes=\"(max-width: 300px) 100vw, 300px\" \/><\/p>\n<p>Moritz Gnann a primit cronici excep\u0163ionale pentru versiunile sale dirijorale, fiind apreciat \u00een special pentru abordarea plin\u0103 de prospe\u0163ime a unui repertoriu ce acoper\u0103 epoci diverse, de la rena\u015ftere la muzic\u0103 contemporan\u0103, \u00een genurile simfonic \u015fi de oper\u0103.<\/p>\n<p>Moritz Gnann s-a n\u0103scut \u00een T\u00fcbingen, Germania\u00a0 \u015fi a studiat dirijatul la Berlin \u015fi Dresda. S-a perfec\u0163ionat cu mari mae\u015ftri ai baghetei: Andris Nelsons, Donald Runnicles, Simon Rattle \u015fi Christian Thielemann.\u00a0A colaborat cu Andris Nelsons la realizarea spectacolelor cu operele \u201dLohengrin\u201d \u015fi \u201dParsifal\u201d de Richard Wagner \u00een cadrul\u00a0 Festivalului de la Bayreuth.\u00a0 Din anul 2015 colaboreaz\u0103 \u00een calitate de dirijor asistent cu Orchestra Simfonic\u0103 din Boston, al\u0103turi de care a sus\u0163inut concerte memorabile \u00een cadrul Festivalului Tanglewood.<\/p>\n<p>Moritz Gnann este deopotriv\u0103 invitatul teatrelor lirice din Germania, unde va dirija \u00een noua stagiune produc\u0163ii de oper\u0103 la Deutsche Oper din Berlin \u015fi la Semperoper\u00a0 din Dresda. Debuteaz\u0103 \u015fi la Gewandhaus din Leipzig al\u0103turi de Orchestra Simfonic\u0103 MDR .<\/p>\n<p>&nbsp;<\/p>\n<ul>\n<li><em>credit photo: Hilary-Scott, Simon-Pauly<\/em><\/li>\n<\/ul>\n","protected":false},"excerpt":{"rendered":"<p>Moritz Gnann a primit cronici excep\u0163ionale pentru versiunile sale dirijorale, fiind apreciat \u00een special pentru abordarea plin\u0103 de prospe\u0163ime a unui repertoriu ce acoper\u0103 epoci diverse, de la rena\u015ftere la muzic\u0103 contemporan\u0103, \u00een genurile simfonic \u015fi de oper\u0103. Moritz Gnann s-a n\u0103scut \u00een T\u00fcbingen, Germania\u00a0 \u015fi a studiat dirijatul la Berlin \u015fi Dresda. S-a perfec\u0163ionat &hellip; <\/p>\n","protected":false},"author":2,"featured_media":375,"parent":0,"menu_order":0,"comment_status":"closed","ping_status":"closed","template":"","meta":[],"_links":{"self":[{"href":"https:\/\/www.radirofestival.ro\/index.php?rest_route=\/wp\/v2\/pages\/278"}],"collection":[{"href":"https:\/\/www.radirofestival.ro\/index.php?rest_route=\/wp\/v2\/pages"}],"about":[{"href":"https:\/\/www.radirofestival.ro\/index.php?rest_route=\/wp\/v2\/types\/page"}],"author":[{"embeddable":true,"href":"https:\/\/www.radirofestival.ro\/index.php?rest_route=\/wp\/v2\/users\/2"}],"replies":[{"embeddable":true,"href":"https:\/\/www.radirofestival.ro\/index.php?rest_route=%2Fwp%2Fv2%2Fcomments&post=278"}],"version-history":[{"count":2,"href":"https:\/\/www.radirofestival.ro\/index.php?rest_route=\/wp\/v2\/pages\/278\/revisions"}],"predecessor-version":[{"id":767,"href":"https:\/\/www.radirofestival.ro\/index.php?rest_route=\/wp\/v2\/pages\/278\/revisions\/767"}],"wp:featuredmedia":[{"embeddable":true,"href":"https:\/\/www.radirofestival.ro\/index.php?rest_route=\/wp\/v2\/media\/375"}],"wp:attachment":[{"href":"https:\/\/www.radirofestival.ro\/index.php?rest_route=%2Fwp%2Fv2%2Fmedia&parent=278"}],"curies":[{"name":"wp","href":"https:\/\/api.w.org\/{rel}","templated":true}]}}