{"id":319,"date":"2018-09-22T09:46:32","date_gmt":"2018-09-22T09:46:32","guid":{"rendered":"http:\/\/www.radirofestival.ro\/?page_id=319"},"modified":"2018-09-24T16:57:22","modified_gmt":"2018-09-24T16:57:22","slug":"mihai-ritivoiu-pianist","status":"publish","type":"page","link":"https:\/\/www.radirofestival.ro\/?page_id=319","title":{"rendered":"Mihai Ritivoiu &#8211; pianist"},"content":{"rendered":"<p><strong>Mihai Ritivoiu<\/strong>\u00a0s-a n\u0103scut la Bucure\u015fti \u015fi a \u00eenceput studiul pianului la v\u00e2rsta de 6 ani. \u00cen 2012 a absolvit Universitatea Na\u021bional\u0103 de Muzic\u0103 din Bucure\u0219ti, clasa de pian a profesorului Viniciu Moroianu. Ulterior a ob\u0163inut un masterat la Guildhall School of Music &amp; Drama din Londra, unde a studiat cu Joan Havill. S-a perfec\u0163ionat cu Dimitri Bashkirov, Dominique Merlet, Richard Goode \u015fi Emmanuel Ax \u015fi a beneficiat de consilierea \u015fi \u00eendrumarea pianistului rom\u00e2n Valentin Gheorghiu.<\/p>\n<p>A c\u00e2\u015ftigat Concursul Na\u0163ional\u00a0<em>Dinu Lipatti<\/em>\u00a0din Bucure\u0219ti \u00een 2010 \u015fi a fost laureat al Concursului Interna\u0163ional\u00a0<em>George Enescu<\/em>, sec\u0163iunea pian, \u00een 2011. A sus\u0163inut concerte de camer\u0103 \u015fi recitaluri \u00een Rom\u00e2nia, Anglia, Fran\u0163a, Portugalia, Elve\u0163ia \u015fi Italia, \u00een s\u0103li ca Ateneul Rom\u00e2n, St Martin-in-the-Fields, Wigmore Hall, Barbican Centre, West Road Concert Hall \u015fi Ernest Ansermet Studio. \u00cen 2015 a c\u00e2\u015ftigat Medalia de Aur din partea \u201dBeethoven Piano Society of Europe\u201d din Londra \u015fi a fost invitat \u00een cadrul programului BBC\u00a0<em>In Tune<\/em>. Recitalurile \u015fi concertele sale au fost transmise de Radio Rom\u00e2nia Muzical, Radio Suisse Romande &#8211; Espace 2 \u015fi MediciTV.<\/p>\n<p>CD-ul s\u0103u de debut \u201dTranscendence\u201d, ce con\u021bine lucr\u0103ri de Franck, Enescu \u0219i Liszt, a fost lansat \u00een luna martie la casa de discuri \u201dGenuin\u201d din Leipzig.<\/p>\n<p>Mihai Ritivoiu este artist al City Music Foundation din 2016 \u0219i Yeoman al Worshipful Company of Musicians din Londra.<\/p>\n<p>&nbsp;<\/p>\n","protected":false},"excerpt":{"rendered":"<p>Mihai Ritivoiu\u00a0s-a n\u0103scut la Bucure\u015fti \u015fi a \u00eenceput studiul pianului la v\u00e2rsta de 6 ani. \u00cen 2012 a absolvit Universitatea Na\u021bional\u0103 de Muzic\u0103 din Bucure\u0219ti, clasa de pian a profesorului Viniciu Moroianu. Ulterior a ob\u0163inut un masterat la Guildhall School of Music &amp; Drama din Londra, unde a studiat cu Joan Havill. S-a perfec\u0163ionat cu &hellip; <\/p>\n","protected":false},"author":2,"featured_media":324,"parent":0,"menu_order":0,"comment_status":"closed","ping_status":"closed","template":"","meta":[],"_links":{"self":[{"href":"https:\/\/www.radirofestival.ro\/index.php?rest_route=\/wp\/v2\/pages\/319"}],"collection":[{"href":"https:\/\/www.radirofestival.ro\/index.php?rest_route=\/wp\/v2\/pages"}],"about":[{"href":"https:\/\/www.radirofestival.ro\/index.php?rest_route=\/wp\/v2\/types\/page"}],"author":[{"embeddable":true,"href":"https:\/\/www.radirofestival.ro\/index.php?rest_route=\/wp\/v2\/users\/2"}],"replies":[{"embeddable":true,"href":"https:\/\/www.radirofestival.ro\/index.php?rest_route=%2Fwp%2Fv2%2Fcomments&post=319"}],"version-history":[{"count":1,"href":"https:\/\/www.radirofestival.ro\/index.php?rest_route=\/wp\/v2\/pages\/319\/revisions"}],"predecessor-version":[{"id":320,"href":"https:\/\/www.radirofestival.ro\/index.php?rest_route=\/wp\/v2\/pages\/319\/revisions\/320"}],"wp:featuredmedia":[{"embeddable":true,"href":"https:\/\/www.radirofestival.ro\/index.php?rest_route=\/wp\/v2\/media\/324"}],"wp:attachment":[{"href":"https:\/\/www.radirofestival.ro\/index.php?rest_route=%2Fwp%2Fv2%2Fmedia&parent=319"}],"curies":[{"name":"wp","href":"https:\/\/api.w.org\/{rel}","templated":true}]}}