{"id":530,"date":"2018-09-24T06:49:36","date_gmt":"2018-09-24T06:49:36","guid":{"rendered":"http:\/\/www.radirofestival.ro\/?page_id=530"},"modified":"2018-10-19T10:19:54","modified_gmt":"2018-10-19T10:19:54","slug":"18-nov","status":"publish","type":"page","link":"https:\/\/www.radirofestival.ro\/?page_id=530","title":{"rendered":"18 noiembrie"},"content":{"rendered":"<p><strong><span style=\"color: #ff0000;\">Duminic\u0103 18 noiembrie 2018,\u00a0 ora 19,00<\/span><br \/>\nSala Radio<\/strong><br \/>\n<strong><a href=\"https:\/\/www.radirofestival.ro\/?page_id=246\"><span style=\"color: #ff9900;\">ORCHESTRA NA\u0162IONAL\u0102 RADIO<\/span><\/a><br \/>\n<\/strong>Dirijor:\u00a0<strong><a href=\"https:\/\/www.radirofestival.ro\/?page_id=266\">Jean-Claude Casadesus<\/a><br \/>\n<\/strong>Solist:\u00a0<a href=\"https:\/\/www.radirofestival.ro\/?page_id=822\"><strong>Javier Perianes<\/strong><\/a>\u00a0\u2013 pian<br \/>\nIn program:<br \/>\n<em><strong>George Enescu<\/strong><\/em>: Rapsodia op. 11 nr. 1 \u00een La major<br \/>\n<em><strong>Maurice Ravel<\/strong><\/em>: Concertul \u00een Sol pentru pian \u0219i orchestr\u0103<br \/>\n<em><strong>Maurice Ravel<\/strong><\/em>: Pavana pentru o infant\u0103 defunct\u0103<br \/>\n<em><strong>Claude Debussy<\/strong><\/em>:\u00a0 Preludiu la dup\u0103-amiaza unui faun<br \/>\n<em><strong>Maurice Ravel<\/strong><\/em>:\u00a0 Suita a II-a\u00a0<em>\u201dDaphnis si Chlo\u00e9<\/em><em>\u201d<br \/>\n<\/em><span style=\"color: #ff9900;\"><strong>CORUL ACADEMIC RADIO<br \/>\n<\/strong><\/span>Dirijor: <strong>Ciprian \u021au\u021bu<\/strong><\/p>\n<p><a href=\"https:\/\/www.bilete.ro\/festivalul-international-al-orchestrelor-radio-radiro\/orchestra-nationala-radio-18-nov-2018\/\">Cump\u0103r\u0103 bilet<\/a><\/p>\n<p>&nbsp;<\/p>\n","protected":false},"excerpt":{"rendered":"<p>Duminic\u0103 18 noiembrie 2018,\u00a0 ora 19,00 Sala Radio ORCHESTRA NA\u0162IONAL\u0102 RADIO Dirijor:\u00a0Jean-Claude Casadesus Solist:\u00a0Javier Perianes\u00a0\u2013 pian In program: George Enescu: Rapsodia op. 11 nr. 1 \u00een La major Maurice Ravel: Concertul \u00een Sol pentru pian \u0219i orchestr\u0103 Maurice Ravel: Pavana pentru o infant\u0103 defunct\u0103 Claude Debussy:\u00a0 Preludiu la dup\u0103-amiaza unui faun Maurice Ravel:\u00a0 Suita a &hellip; <\/p>\n","protected":false},"author":2,"featured_media":0,"parent":0,"menu_order":0,"comment_status":"closed","ping_status":"closed","template":"","meta":[],"_links":{"self":[{"href":"https:\/\/www.radirofestival.ro\/index.php?rest_route=\/wp\/v2\/pages\/530"}],"collection":[{"href":"https:\/\/www.radirofestival.ro\/index.php?rest_route=\/wp\/v2\/pages"}],"about":[{"href":"https:\/\/www.radirofestival.ro\/index.php?rest_route=\/wp\/v2\/types\/page"}],"author":[{"embeddable":true,"href":"https:\/\/www.radirofestival.ro\/index.php?rest_route=\/wp\/v2\/users\/2"}],"replies":[{"embeddable":true,"href":"https:\/\/www.radirofestival.ro\/index.php?rest_route=%2Fwp%2Fv2%2Fcomments&post=530"}],"version-history":[{"count":9,"href":"https:\/\/www.radirofestival.ro\/index.php?rest_route=\/wp\/v2\/pages\/530\/revisions"}],"predecessor-version":[{"id":1091,"href":"https:\/\/www.radirofestival.ro\/index.php?rest_route=\/wp\/v2\/pages\/530\/revisions\/1091"}],"wp:attachment":[{"href":"https:\/\/www.radirofestival.ro\/index.php?rest_route=%2Fwp%2Fv2%2Fmedia&parent=530"}],"curies":[{"name":"wp","href":"https:\/\/api.w.org\/{rel}","templated":true}]}}