{"id":536,"date":"2018-09-24T06:51:24","date_gmt":"2018-09-24T06:51:24","guid":{"rendered":"http:\/\/www.radirofestival.ro\/?page_id=536"},"modified":"2018-10-19T10:26:21","modified_gmt":"2018-10-19T10:26:21","slug":"21-nov","status":"publish","type":"page","link":"https:\/\/www.radirofestival.ro\/?page_id=536","title":{"rendered":"21 noiembrie"},"content":{"rendered":"<p><strong><span style=\"color: #ff0000;\">Miercuri, 21 noiembrie 2018, ora 19,00<\/span><br \/>\nSala Radio<\/strong><br \/>\n<strong><a href=\"https:\/\/www.radirofestival.ro\/?page_id=246\"><span style=\"color: #ff9900;\">ORCHESTRA NA\u0162IONAL\u0102 RADIO<\/span><\/a><br \/>\n<\/strong>Dirijor:\u00a0<a href=\"https:\/\/www.radirofestival.ro\/?page_id=270\"><strong>Fr\u00e9d\u00e9ric Chaslin<\/strong><\/a><br \/>\nSolist:\u00a0<a href=\"https:\/\/www.radirofestival.ro\/?page_id=299\"><strong>David Fray<\/strong>\u00a0<\/a>\u2013 pian<br \/>\nIn program:<br \/>\n<em><strong>Piotr Ilici Ceaikovski<\/strong><\/em>:\u00a0 Uvertura-fantezie\u00a0<em>\u201dRomeo \u015fi Julieta\u201d<\/em><br \/>\n<em><strong>Robert Schumann<\/strong><\/em>:\u00a0 Concertul op. 54 \u00een la minor pentru pian \u015fi orchestr\u0103<br \/>\n<em><strong>Nikolai Rimski \u2013 Korsakov<\/strong><\/em>:\u00a0 Suita simfonic\u0103\u00a0<em>\u201dSeherazada\u201d<\/em><\/p>\n<p><a href=\"https:\/\/www.bilete.ro\/festivalul-international-al-orchestrelor-radio-radiro\/orchestra-nationala-radio-21-nov-2018\/\"><strong>Cump\u0103r\u0103 bilet<\/strong><\/a><\/p>\n<p>&nbsp;<\/p>\n<p><strong><span style=\"color: #ff0000;\">Miercuri, 21 noiembrie 2018, ora 19.00<\/span><br \/>\nSala Auditorium a MNAR<br \/>\n<\/strong><strong><a href=\"https:\/\/www.radirofestival.ro\/?page_id=258\"><span style=\"color: #ff9900;\">Aura Urziceanu \u0219i Big Band-ul Radio<\/span><\/a><br \/>\n<\/strong>Dirijor:<strong>\u00a0Ionel Tudor<\/strong><\/p>\n<p><a href=\"https:\/\/www.bilete.ro\/festivalul-international-al-orchestrelor-radio-radiro\/aura-urziceanu-si-big-band-ul-radio-21-nov-2018\/\"><strong>Cump\u0103r\u0103 bilet<\/strong><\/a><\/p>\n","protected":false},"excerpt":{"rendered":"<p>Miercuri, 21 noiembrie 2018, ora 19,00 Sala Radio ORCHESTRA NA\u0162IONAL\u0102 RADIO Dirijor:\u00a0Fr\u00e9d\u00e9ric Chaslin Solist:\u00a0David Fray\u00a0\u2013 pian In program: Piotr Ilici Ceaikovski:\u00a0 Uvertura-fantezie\u00a0\u201dRomeo \u015fi Julieta\u201d Robert Schumann:\u00a0 Concertul op. 54 \u00een la minor pentru pian \u015fi orchestr\u0103 Nikolai Rimski \u2013 Korsakov:\u00a0 Suita simfonic\u0103\u00a0\u201dSeherazada\u201d Cump\u0103r\u0103 bilet &nbsp; Miercuri, 21 noiembrie 2018, ora 19.00 Sala Auditorium a MNAR &hellip; <\/p>\n","protected":false},"author":2,"featured_media":0,"parent":0,"menu_order":0,"comment_status":"closed","ping_status":"closed","template":"","meta":[],"_links":{"self":[{"href":"https:\/\/www.radirofestival.ro\/index.php?rest_route=\/wp\/v2\/pages\/536"}],"collection":[{"href":"https:\/\/www.radirofestival.ro\/index.php?rest_route=\/wp\/v2\/pages"}],"about":[{"href":"https:\/\/www.radirofestival.ro\/index.php?rest_route=\/wp\/v2\/types\/page"}],"author":[{"embeddable":true,"href":"https:\/\/www.radirofestival.ro\/index.php?rest_route=\/wp\/v2\/users\/2"}],"replies":[{"embeddable":true,"href":"https:\/\/www.radirofestival.ro\/index.php?rest_route=%2Fwp%2Fv2%2Fcomments&post=536"}],"version-history":[{"count":7,"href":"https:\/\/www.radirofestival.ro\/index.php?rest_route=\/wp\/v2\/pages\/536\/revisions"}],"predecessor-version":[{"id":1099,"href":"https:\/\/www.radirofestival.ro\/index.php?rest_route=\/wp\/v2\/pages\/536\/revisions\/1099"}],"wp:attachment":[{"href":"https:\/\/www.radirofestival.ro\/index.php?rest_route=%2Fwp%2Fv2%2Fmedia&parent=536"}],"curies":[{"name":"wp","href":"https:\/\/api.w.org\/{rel}","templated":true}]}}