{"id":540,"date":"2018-09-24T06:52:40","date_gmt":"2018-09-24T06:52:40","guid":{"rendered":"http:\/\/www.radirofestival.ro\/?page_id=540"},"modified":"2018-10-19T10:28:37","modified_gmt":"2018-10-19T10:28:37","slug":"22-nov","status":"publish","type":"page","link":"https:\/\/www.radirofestival.ro\/?page_id=540","title":{"rendered":"22 noiembrie"},"content":{"rendered":"<p><strong><span style=\"color: #ff0000;\">Joi, 22 noiembrie 2018, ora 19,00<\/span><br \/>\nSala Radio<\/strong><br \/>\n<strong><a href=\"https:\/\/www.radirofestival.ro\/?page_id=230\"><span style=\"color: #ff9900;\">BBC PHILHARMONIC ORCHESTRA<\/span><\/a><br \/>\n<\/strong>Dirijor:\u00a0<strong><a href=\"https:\/\/www.radirofestival.ro\/?page_id=278\">Moritz Gnann<\/a><br \/>\n<\/strong>Solist:\u00a0<a href=\"https:\/\/www.radirofestival.ro\/?page_id=307\"><strong>Andrei Ioni\u021b\u0103<\/strong>\u00a0<\/a>\u2013 violoncel<br \/>\nIn program:<br \/>\n<em><strong>Rudi Stephan<\/strong><\/em>\u00a0: 1912 Music for Orchestra<br \/>\n<em><strong>Joseph Haydn<\/strong><\/em>:\u00a0Concertul \u00een Do major pentru violoncel \u015fi orchestr\u0103<br \/>\n<em><strong>George Enescu<\/strong><\/em>:\u00a0 Rapsodia op. 11 nr. 2 \u00een Re major<br \/>\n<em><strong>Dmitri Sostakovici<\/strong><\/em>: Simfonia a IX-a op. 70<\/p>\n<p><a href=\"https:\/\/www.bilete.ro\/festivalul-international-al-orchestrelor-radio-radiro\/bbc-philharmonic-orchestra-22-nov-2018\/\"><strong>Cump\u0103r\u0103 bilet<\/strong><\/a><\/p>\n<p>&nbsp;<\/p>\n<p><strong><span style=\"color: #ff0000;\">Joi, 22 noiembrie 2018, ora 19.00<\/span><br \/>\nSala Auditorium a MNAR<br \/>\n<\/strong><strong><a href=\"https:\/\/www.radirofestival.ro\/?page_id=250\"><span style=\"color: #ff9900;\">Croatian Radiotelevision Jazz Orchestra<\/span><\/a><br \/>\n<\/strong>Compozitor, solist trombon, dirijor:\u00a0<strong>Miron Hauser<\/strong><\/p>\n<p><strong><a href=\"https:\/\/www.bilete.ro\/festivalul-international-al-orchestrelor-radio-radiro\/croatian-radiotelevision-jazz-orchestra-22-nov-2018\/\">Cump\u0103r\u0103 bilet<\/a><\/strong><\/p>\n","protected":false},"excerpt":{"rendered":"<p>Joi, 22 noiembrie 2018, ora 19,00 Sala Radio BBC PHILHARMONIC ORCHESTRA Dirijor:\u00a0Moritz Gnann Solist:\u00a0Andrei Ioni\u021b\u0103\u00a0\u2013 violoncel In program: Rudi Stephan\u00a0: 1912 Music for Orchestra Joseph Haydn:\u00a0Concertul \u00een Do major pentru violoncel \u015fi orchestr\u0103 George Enescu:\u00a0 Rapsodia op. 11 nr. 2 \u00een Re major Dmitri Sostakovici: Simfonia a IX-a op. 70 Cump\u0103r\u0103 bilet &nbsp; Joi, 22 &hellip; <\/p>\n","protected":false},"author":2,"featured_media":0,"parent":0,"menu_order":0,"comment_status":"closed","ping_status":"closed","template":"","meta":[],"_links":{"self":[{"href":"https:\/\/www.radirofestival.ro\/index.php?rest_route=\/wp\/v2\/pages\/540"}],"collection":[{"href":"https:\/\/www.radirofestival.ro\/index.php?rest_route=\/wp\/v2\/pages"}],"about":[{"href":"https:\/\/www.radirofestival.ro\/index.php?rest_route=\/wp\/v2\/types\/page"}],"author":[{"embeddable":true,"href":"https:\/\/www.radirofestival.ro\/index.php?rest_route=\/wp\/v2\/users\/2"}],"replies":[{"embeddable":true,"href":"https:\/\/www.radirofestival.ro\/index.php?rest_route=%2Fwp%2Fv2%2Fcomments&post=540"}],"version-history":[{"count":6,"href":"https:\/\/www.radirofestival.ro\/index.php?rest_route=\/wp\/v2\/pages\/540\/revisions"}],"predecessor-version":[{"id":1101,"href":"https:\/\/www.radirofestival.ro\/index.php?rest_route=\/wp\/v2\/pages\/540\/revisions\/1101"}],"wp:attachment":[{"href":"https:\/\/www.radirofestival.ro\/index.php?rest_route=%2Fwp%2Fv2%2Fmedia&parent=540"}],"curies":[{"name":"wp","href":"https:\/\/api.w.org\/{rel}","templated":true}]}}