{"id":543,"date":"2018-09-24T06:56:45","date_gmt":"2018-09-24T06:56:45","guid":{"rendered":"http:\/\/www.radirofestival.ro\/?page_id=543"},"modified":"2018-10-19T10:32:57","modified_gmt":"2018-10-19T10:32:57","slug":"23-nov","status":"publish","type":"page","link":"https:\/\/www.radirofestival.ro\/?page_id=543","title":{"rendered":"23 noiembrie"},"content":{"rendered":"<p><strong><span style=\"color: #ff0000;\">Vineri,\u00a0 23 noiembrie 2018, ora 19,00<\/span><br \/>\nSala Radio<\/strong><br \/>\n<strong><a href=\"https:\/\/www.radirofestival.ro\/?page_id=230\"><span style=\"color: #ff9900;\">BBC PHILHARMONIC ORCHESTRA<\/span><\/a><br \/>\n<\/strong>Dirijor:\u00a0\u00a0<strong><a href=\"https:\/\/www.radirofestival.ro\/?page_id=274\">Ben Gernon<\/a><br \/>\n<\/strong>Solist:\u00a0<a href=\"https:\/\/www.radirofestival.ro\/?page_id=290\"><strong>Krist\u00f3f Bar\u00e1ti<\/strong>\u00a0<\/a>\u00a0\u2013 vioar\u0103<br \/>\nIn program:<br \/>\n<em><strong>B\u00e9la Bart\u00f3k<\/strong><\/em>\u00a0: Concertul nr. 2 pentru vioar\u0103 \u0219i orchestr\u0103<br \/>\n<em><strong>Serghei Rachmaninov<\/strong><\/em>: Simfonia a II-a op. 27 \u00een mi minor<\/p>\n<p><a href=\"https:\/\/www.bilete.ro\/festivalul-international-al-orchestrelor-radio-radiro\/bbc-philharmonic-orchestra-23-nov-2018\/\"><strong>Cump\u0103r\u0103 bilet<\/strong><\/a><\/p>\n<p>&nbsp;<\/p>\n<p><strong><span style=\"color: #ff0000;\">Vineri, 23 noiembrie 2018, ora 19.00<\/span><br \/>\nSala Auditorium a MNAR<br \/>\n<\/strong><strong><a href=\"https:\/\/www.radirofestival.ro\/?page_id=254\"><span style=\"color: #ff9900;\">Marilyn Mazur &amp; Danish Radio Big Band<\/span><\/a><br \/>\n<\/strong>Dirijoare:\u00a0<strong>Miho Hazama<\/strong><\/p>\n<p><a href=\"https:\/\/www.bilete.ro\/festivalul-international-al-orchestrelor-radio-radiro\/marilyn-mazur-danish-radio-big-band-23-nov-2018\/\"><strong>Cump\u0103r\u0103 bilet<\/strong><\/a><\/p>\n","protected":false},"excerpt":{"rendered":"<p>Vineri,\u00a0 23 noiembrie 2018, ora 19,00 Sala Radio BBC PHILHARMONIC ORCHESTRA Dirijor:\u00a0\u00a0Ben Gernon Solist:\u00a0Krist\u00f3f Bar\u00e1ti\u00a0\u00a0\u2013 vioar\u0103 In program: B\u00e9la Bart\u00f3k\u00a0: Concertul nr. 2 pentru vioar\u0103 \u0219i orchestr\u0103 Serghei Rachmaninov: Simfonia a II-a op. 27 \u00een mi minor Cump\u0103r\u0103 bilet &nbsp; Vineri, 23 noiembrie 2018, ora 19.00 Sala Auditorium a MNAR Marilyn Mazur &amp; Danish Radio &hellip; <\/p>\n","protected":false},"author":2,"featured_media":0,"parent":0,"menu_order":0,"comment_status":"closed","ping_status":"closed","template":"","meta":[],"_links":{"self":[{"href":"https:\/\/www.radirofestival.ro\/index.php?rest_route=\/wp\/v2\/pages\/543"}],"collection":[{"href":"https:\/\/www.radirofestival.ro\/index.php?rest_route=\/wp\/v2\/pages"}],"about":[{"href":"https:\/\/www.radirofestival.ro\/index.php?rest_route=\/wp\/v2\/types\/page"}],"author":[{"embeddable":true,"href":"https:\/\/www.radirofestival.ro\/index.php?rest_route=\/wp\/v2\/users\/2"}],"replies":[{"embeddable":true,"href":"https:\/\/www.radirofestival.ro\/index.php?rest_route=%2Fwp%2Fv2%2Fcomments&post=543"}],"version-history":[{"count":6,"href":"https:\/\/www.radirofestival.ro\/index.php?rest_route=\/wp\/v2\/pages\/543\/revisions"}],"predecessor-version":[{"id":1103,"href":"https:\/\/www.radirofestival.ro\/index.php?rest_route=\/wp\/v2\/pages\/543\/revisions\/1103"}],"wp:attachment":[{"href":"https:\/\/www.radirofestival.ro\/index.php?rest_route=%2Fwp%2Fv2%2Fmedia&parent=543"}],"curies":[{"name":"wp","href":"https:\/\/api.w.org\/{rel}","templated":true}]}}