{"id":555,"date":"2018-09-24T06:58:28","date_gmt":"2018-09-24T06:58:28","guid":{"rendered":"http:\/\/www.radirofestival.ro\/?page_id=555"},"modified":"2018-11-02T20:35:01","modified_gmt":"2018-11-02T20:35:01","slug":"24-nov","status":"publish","type":"page","link":"https:\/\/www.radirofestival.ro\/?page_id=555","title":{"rendered":"24 noiembrie"},"content":{"rendered":"<p><span style=\"color: #ff0000;\"><strong>S\u00e2mb\u0103t\u0103\u00a0 24 noiembrie 2018, ora 19,00<\/strong><\/span><br \/>\nSala Radio<br \/>\n<strong><a href=\"https:\/\/www.radirofestival.ro\/?page_id=238\"><span style=\"color: #ff9900;\">ORCHESTRA DE LA SVIZZERA ITALIANA LUGANO<\/span><\/a><br \/>\n<\/strong>Dirijor:\u00a0<strong><a href=\"https:\/\/www.radirofestival.ro\/?page_id=262\">Vladimir Ashkenazy<\/a><br \/>\n<\/strong>Solist:\u00a0<a href=\"https:\/\/www.radirofestival.ro\/?page_id=303\"><strong>Nelson Goerner<\/strong><\/a>\u00a0\u2013 pian<br \/>\nIn program:<br \/>\n<em><strong>Wolfgang Amadeus Mozart<\/strong><\/em>: Uvertura operei\u00a0<em>\u201dNunta lui Figaro\u201d<\/em><br \/>\n<em><strong>Wolfgang Amadeus Mozart<\/strong><\/em>: Concertul nr. 24 KV 491 \u00een do minor pentru pian \u015fi orchestr\u0103<br \/>\n<strong><em>Jean Sibelius<\/em><\/strong>:\u00a0 Muzica de scen\u0103<em>\u00a0\u201ePell\u00e9as \u0219i M\u00e9lisande\u201d\u00a0<\/em>\u00a0op. 46<\/p>\n<p><a href=\"https:\/\/www.bilete.ro\/festivalul-international-al-orchestrelor-radio-radiro\/orchestra-de-la-svizzera-italiana-lugano-24-nov-2018\/\"><strong>Cump\u0103r\u0103 bilet<\/strong><\/a><\/p>\n<p>&nbsp;<\/p>\n<p><strong><span style=\"color: #ff0000;\">S\u00e2mb\u0103t\u0103, 24 noiembrie 2018, ora 19.00<\/span><br \/>\nSala Auditorium a MNAR<br \/>\n<a href=\"https:\/\/www.radirofestival.ro\/?page_id=258\"><span style=\"color: #ff9900;\">Aura Urziceanu \u0219i Big Band-ul Radio<\/span><\/a><br \/>\nDirijor:\u00a0Ionel Tudor<br \/>\n<\/strong><\/p>\n<p><a href=\"https:\/\/www.bilete.ro\/festivalul-international-al-orchestrelor-radio-radiro\/ballad-for-a-friend-tribute-to-peter-herbolzheimer-24-nov-2018\/\"><strong>Cump\u0103r\u0103 bilet<\/strong><\/a><\/p>\n<p>&nbsp;<\/p>\n","protected":false},"excerpt":{"rendered":"<p>S\u00e2mb\u0103t\u0103\u00a0 24 noiembrie 2018, ora 19,00 Sala Radio ORCHESTRA DE LA SVIZZERA ITALIANA LUGANO Dirijor:\u00a0Vladimir Ashkenazy Solist:\u00a0Nelson Goerner\u00a0\u2013 pian In program: Wolfgang Amadeus Mozart: Uvertura operei\u00a0\u201dNunta lui Figaro\u201d Wolfgang Amadeus Mozart: Concertul nr. 24 KV 491 \u00een do minor pentru pian \u015fi orchestr\u0103 Jean Sibelius:\u00a0 Muzica de scen\u0103\u00a0\u201ePell\u00e9as \u0219i M\u00e9lisande\u201d\u00a0\u00a0op. 46 Cump\u0103r\u0103 bilet &nbsp; S\u00e2mb\u0103t\u0103, &hellip; <\/p>\n","protected":false},"author":2,"featured_media":0,"parent":0,"menu_order":0,"comment_status":"closed","ping_status":"closed","template":"","meta":[],"_links":{"self":[{"href":"https:\/\/www.radirofestival.ro\/index.php?rest_route=\/wp\/v2\/pages\/555"}],"collection":[{"href":"https:\/\/www.radirofestival.ro\/index.php?rest_route=\/wp\/v2\/pages"}],"about":[{"href":"https:\/\/www.radirofestival.ro\/index.php?rest_route=\/wp\/v2\/types\/page"}],"author":[{"embeddable":true,"href":"https:\/\/www.radirofestival.ro\/index.php?rest_route=\/wp\/v2\/users\/2"}],"replies":[{"embeddable":true,"href":"https:\/\/www.radirofestival.ro\/index.php?rest_route=%2Fwp%2Fv2%2Fcomments&post=555"}],"version-history":[{"count":8,"href":"https:\/\/www.radirofestival.ro\/index.php?rest_route=\/wp\/v2\/pages\/555\/revisions"}],"predecessor-version":[{"id":1119,"href":"https:\/\/www.radirofestival.ro\/index.php?rest_route=\/wp\/v2\/pages\/555\/revisions\/1119"}],"wp:attachment":[{"href":"https:\/\/www.radirofestival.ro\/index.php?rest_route=%2Fwp%2Fv2%2Fmedia&parent=555"}],"curies":[{"name":"wp","href":"https:\/\/api.w.org\/{rel}","templated":true}]}}