{"id":559,"date":"2018-09-24T06:59:57","date_gmt":"2018-09-24T06:59:57","guid":{"rendered":"http:\/\/www.radirofestival.ro\/?page_id=559"},"modified":"2018-10-24T10:53:58","modified_gmt":"2018-10-24T10:53:58","slug":"25-nov","status":"publish","type":"page","link":"https:\/\/www.radirofestival.ro\/?page_id=559","title":{"rendered":"25 noiembrie"},"content":{"rendered":"<p style=\"text-align: left;\"><strong><span style=\"color: #ff0000;\">Duminic\u0103 25 noiembrie 2018, ora 19,00<\/span><br \/>\nSala Radio<br \/>\n<\/strong><span style=\"color: #ff9900;\"><strong>RT<\/strong><strong>\u00c9<\/strong><\/span><strong><span style=\"color: #ff9900;\">\u00a0<a href=\"https:\/\/www.radirofestival.ro\/?page_id=242\">NATIONAL SYMPHNONY ORCHESTRA<\/a><\/span><br \/>\n<\/strong>Dirijoare:\u00a0<strong><a href=\"https:\/\/www.radirofestival.ro\/?page_id=282\">Nathalie Stutzmann<\/a><br \/>\n<\/strong>Solist:\u00a0<a href=\"https:\/\/www.radirofestival.ro\/?page_id=294\"><strong>Ray Chen<\/strong><\/a>\u00a0\u2013 vioar\u0103<br \/>\nProgram integral\u00a0<em><strong>Ceaikovski<br \/>\n<\/strong><\/em>Uvertura operei \u201eDama de pic\u0103\u201d<br \/>\nPoloneza din opera \u201eEvgheni Oneghin\u201d<br \/>\nConcertul op. 35 \u00een Re major pentru vioar\u0103 \u0219i orchestr\u0103<br \/>\nSimfonia a V-a op. 64 \u00een mi minor<\/p>\n<p><a href=\"https:\/\/www.bilete.ro\/festivalul-international-al-orchestrelor-radio-radiro\/rte-national-symphnony-orchestra-25-nov-2018\/\"><strong>Cump\u0103r\u0103 bilet<\/strong><\/a><\/p>\n","protected":false},"excerpt":{"rendered":"<p>Duminic\u0103 25 noiembrie 2018, ora 19,00 Sala Radio RT\u00c9\u00a0NATIONAL SYMPHNONY ORCHESTRA Dirijoare:\u00a0Nathalie Stutzmann Solist:\u00a0Ray Chen\u00a0\u2013 vioar\u0103 Program integral\u00a0Ceaikovski Uvertura operei \u201eDama de pic\u0103\u201d Poloneza din opera \u201eEvgheni Oneghin\u201d Concertul op. 35 \u00een Re major pentru vioar\u0103 \u0219i orchestr\u0103 Simfonia a V-a op. 64 \u00een mi minor Cump\u0103r\u0103 bilet<\/p>\n","protected":false},"author":2,"featured_media":0,"parent":0,"menu_order":0,"comment_status":"closed","ping_status":"closed","template":"","meta":[],"_links":{"self":[{"href":"https:\/\/www.radirofestival.ro\/index.php?rest_route=\/wp\/v2\/pages\/559"}],"collection":[{"href":"https:\/\/www.radirofestival.ro\/index.php?rest_route=\/wp\/v2\/pages"}],"about":[{"href":"https:\/\/www.radirofestival.ro\/index.php?rest_route=\/wp\/v2\/types\/page"}],"author":[{"embeddable":true,"href":"https:\/\/www.radirofestival.ro\/index.php?rest_route=\/wp\/v2\/users\/2"}],"replies":[{"embeddable":true,"href":"https:\/\/www.radirofestival.ro\/index.php?rest_route=%2Fwp%2Fv2%2Fcomments&post=559"}],"version-history":[{"count":7,"href":"https:\/\/www.radirofestival.ro\/index.php?rest_route=\/wp\/v2\/pages\/559\/revisions"}],"predecessor-version":[{"id":1112,"href":"https:\/\/www.radirofestival.ro\/index.php?rest_route=\/wp\/v2\/pages\/559\/revisions\/1112"}],"wp:attachment":[{"href":"https:\/\/www.radirofestival.ro\/index.php?rest_route=%2Fwp%2Fv2%2Fmedia&parent=559"}],"curies":[{"name":"wp","href":"https:\/\/api.w.org\/{rel}","templated":true}]}}