{"id":593,"date":"2018-09-24T07:36:27","date_gmt":"2018-09-24T07:36:27","guid":{"rendered":"http:\/\/www.radirofestival.ro\/?page_id=593"},"modified":"2018-11-02T20:35:53","modified_gmt":"2018-11-02T20:35:53","slug":"24-nov-2","status":"publish","type":"page","link":"https:\/\/www.radirofestival.ro\/?page_id=593&lang=en","title":{"rendered":"24 november"},"content":{"rendered":"<p><span style=\"text-decoration: underline;\">The Romanian Radio Hall (Sala Radio) \u2013 Bucharest (Romania)<\/span><br \/>\n<span style=\"color: #ff0000;\"><strong>Saturday, November 24th 2018, 7 pm<\/strong><\/span><br \/>\n<span style=\"color: #ff9900;\"><a href=\"https:\/\/www.radirofestival.ro\/?page_id=240&amp;lang=en\"><strong>Orchestra de la Svizzera Italiana \u2013 Lugano<\/strong><\/a> (Switzerland)<\/span><br \/>\nConductor: <a href=\"https:\/\/www.radirofestival.ro\/?page_id=641&amp;lang=en\"><strong>Vladimir Ashkenazy<\/strong><\/a><br \/>\nSoloist: <a href=\"https:\/\/www.radirofestival.ro\/?page_id=305&amp;lang=en\"><strong>Nelson Goerner<\/strong><\/a> \u2013 piano<br \/>\nProgramme:<br \/>\n<em><strong>Wolfgang Amadeus Mozart<\/strong><\/em>: The Marriage of Figaro Overture<br \/>\n<em><strong>Wolfgang Amadeus Mozart<\/strong><\/em>: Piano Concerto No. 24 in C minor, KV 491<br \/>\n<em><strong>Jean Sibelius<\/strong><\/em>: Pell\u00e9as et M\u00e9lisande (Pell\u00e9as och M\u00e9lisande) Incidental Music, Op. 46<\/p>\n<p><a href=\"https:\/\/www.bilete.ro\/festivalul-international-al-orchestrelor-radio-radiro\/orchestra-de-la-svizzera-italiana-lugano-24-nov-2018\/\"><strong>Buy ticket<\/strong><\/a><\/p>\n<p>&nbsp;<\/p>\n<p><span style=\"text-decoration: underline;\">Auditorium Hall (The National Museum of Art of Romania) \u2013 Bucharest (Romania)<\/span><br \/>\n<span style=\"color: #ff0000;\"><strong>Wednesday, November 21st 2018, 7 pm<\/strong><\/span><br \/>\n<a href=\"https:\/\/www.radirofestival.ro\/?page_id=633&amp;lang=en\"><span style=\"color: #ff9900;\"><strong>Aura Urziceanu &amp; the Romanian Radio Big Band<\/strong><\/span><\/a><br \/>\nConductor: <strong>Ionel Tudor<\/strong><\/p>\n<p>&nbsp;<\/p>\n<p><a href=\"https:\/\/www.bilete.ro\/festivalul-international-al-orchestrelor-radio-radiro\/ballad-for-a-friend-tribute-to-peter-herbolzheimer-24-nov-2018\/\"><strong>Buy ticket<\/strong><\/a><\/p>\n","protected":false},"excerpt":{"rendered":"<p>The Romanian Radio Hall (Sala Radio) \u2013 Bucharest (Romania) Saturday, November 24th 2018, 7 pm Orchestra de la Svizzera Italiana \u2013 Lugano (Switzerland) Conductor: Vladimir Ashkenazy Soloist: Nelson Goerner \u2013 piano Programme: Wolfgang Amadeus Mozart: The Marriage of Figaro Overture Wolfgang Amadeus Mozart: Piano Concerto No. 24 in C minor, KV 491 Jean Sibelius: Pell\u00e9as &hellip; <\/p>\n","protected":false},"author":1,"featured_media":0,"parent":0,"menu_order":0,"comment_status":"closed","ping_status":"closed","template":"","meta":[],"_links":{"self":[{"href":"https:\/\/www.radirofestival.ro\/index.php?rest_route=\/wp\/v2\/pages\/593"}],"collection":[{"href":"https:\/\/www.radirofestival.ro\/index.php?rest_route=\/wp\/v2\/pages"}],"about":[{"href":"https:\/\/www.radirofestival.ro\/index.php?rest_route=\/wp\/v2\/types\/page"}],"author":[{"embeddable":true,"href":"https:\/\/www.radirofestival.ro\/index.php?rest_route=\/wp\/v2\/users\/1"}],"replies":[{"embeddable":true,"href":"https:\/\/www.radirofestival.ro\/index.php?rest_route=%2Fwp%2Fv2%2Fcomments&post=593"}],"version-history":[{"count":9,"href":"https:\/\/www.radirofestival.ro\/index.php?rest_route=\/wp\/v2\/pages\/593\/revisions"}],"predecessor-version":[{"id":1120,"href":"https:\/\/www.radirofestival.ro\/index.php?rest_route=\/wp\/v2\/pages\/593\/revisions\/1120"}],"wp:attachment":[{"href":"https:\/\/www.radirofestival.ro\/index.php?rest_route=%2Fwp%2Fv2%2Fmedia&parent=593"}],"curies":[{"name":"wp","href":"https:\/\/api.w.org\/{rel}","templated":true}]}}