{"id":61,"date":"2018-09-19T13:49:51","date_gmt":"2018-09-19T13:49:51","guid":{"rendered":"http:\/\/www.radirofestival.ro\/?page_id=61"},"modified":"2018-09-25T22:01:25","modified_gmt":"2018-09-25T22:01:25","slug":"bilete","status":"publish","type":"page","link":"https:\/\/www.radirofestival.ro\/?page_id=61","title":{"rendered":"Bilete"},"content":{"rendered":"<div class=\"sum\">Biletele sunt disponibile pe\u00a0<a href=\"https:\/\/www.bilete.ro\/\" target=\"_blank\" rel=\"noopener\">www.bilete.ro<\/a>, \u00een oficiile Po\u015ftei Rom\u00e2ne, \u00een magazinele Inmedio semnalizate\u00a0<a href=\"https:\/\/www.bilete.ro\/\">bilete.ro.<\/a><\/div>\n<div id=\"cke_pastebin\">Publicul meloman interesat s\u0103 audieze concertele\u00a0 incluse \u00een Festivalul RADIRO 2018, are posibilitatea s\u0103-\u015fi procure bilete \u015fi abonamente \u0219i de la Casa de Bilete a S\u0103lii Radio.<\/div>\n<div><\/div>\n<div>\n<p><span style=\"color: #ff0000;\"><strong>Abonamente<\/strong> <strong>pentru concertele simfonice<\/strong><\/span> de la Sala Radio<br \/>\nCategoria I: <strong>400 lei<\/strong><br \/>\nCategoria a II-a:\u00a0 <strong>300 lei<\/strong><br \/>\nCategoria a III-a: <strong>200 lei<\/strong><br \/>\nAbonamente reduse pentru pensionari (doar la categoria a III-a): <strong>150 lei<\/strong><\/p>\n<\/div>\n<p>&nbsp;<\/p>\n<p><span style=\"color: #ff0000;\"><strong>Bilete de intrare:<\/strong><\/span><\/p>\n<div>\n<p><strong><span style=\"color: #ff9900;\">Sala Radio &#8211; concerte simfonice<\/span><br \/>\n<\/strong><u><\/u>Categoria I: <strong>80 lei<\/strong><br \/>\nCategoria a II-a:<strong> 60 lei<\/strong><br \/>\nCategoria a III-a: <strong>40 lei<\/strong><\/p>\n<p><span style=\"color: #ff9900;\"><strong>Sala Auditorium a MNAR <\/strong><\/span>(Muzeul Na\u021bional de Art\u0103 al Rom\u00e2niei)<strong><span style=\"color: #ff9900;\"> &#8211; concerte jazz<\/span><br \/>\n<\/strong><u><\/u>Pre\u0163 unic:<strong> 30 lei<\/strong><\/p>\n<\/div>\n<div id=\"cke_pastebin\"><\/div>\n","protected":false},"excerpt":{"rendered":"<p>Biletele sunt disponibile pe\u00a0www.bilete.ro, \u00een oficiile Po\u015ftei Rom\u00e2ne, \u00een magazinele Inmedio semnalizate\u00a0bilete.ro. Publicul meloman interesat s\u0103 audieze concertele\u00a0 incluse \u00een Festivalul RADIRO 2018, are posibilitatea s\u0103-\u015fi procure bilete \u015fi abonamente \u0219i de la Casa de Bilete a S\u0103lii Radio. Abonamente pentru concertele simfonice de la Sala Radio Categoria I: 400 lei Categoria a II-a:\u00a0 300 &hellip; <\/p>\n","protected":false},"author":1,"featured_media":0,"parent":0,"menu_order":0,"comment_status":"closed","ping_status":"closed","template":"","meta":[],"_links":{"self":[{"href":"https:\/\/www.radirofestival.ro\/index.php?rest_route=\/wp\/v2\/pages\/61"}],"collection":[{"href":"https:\/\/www.radirofestival.ro\/index.php?rest_route=\/wp\/v2\/pages"}],"about":[{"href":"https:\/\/www.radirofestival.ro\/index.php?rest_route=\/wp\/v2\/types\/page"}],"author":[{"embeddable":true,"href":"https:\/\/www.radirofestival.ro\/index.php?rest_route=\/wp\/v2\/users\/1"}],"replies":[{"embeddable":true,"href":"https:\/\/www.radirofestival.ro\/index.php?rest_route=%2Fwp%2Fv2%2Fcomments&post=61"}],"version-history":[{"count":11,"href":"https:\/\/www.radirofestival.ro\/index.php?rest_route=\/wp\/v2\/pages\/61\/revisions"}],"predecessor-version":[{"id":920,"href":"https:\/\/www.radirofestival.ro\/index.php?rest_route=\/wp\/v2\/pages\/61\/revisions\/920"}],"wp:attachment":[{"href":"https:\/\/www.radirofestival.ro\/index.php?rest_route=%2Fwp%2Fv2%2Fmedia&parent=61"}],"curies":[{"name":"wp","href":"https:\/\/api.w.org\/{rel}","templated":true}]}}