{"id":628,"date":"2018-09-24T08:29:09","date_gmt":"2018-09-24T08:29:09","guid":{"rendered":"http:\/\/www.radirofestival.ro\/?page_id=628"},"modified":"2018-10-10T19:52:51","modified_gmt":"2018-10-10T19:52:51","slug":"corul-academic-radio","status":"publish","type":"page","link":"https:\/\/www.radirofestival.ro\/?page_id=628","title":{"rendered":"Corul Academic Radio"},"content":{"rendered":"<p>Fondat \u00een 1940 sub conducerea dirijorului \u015fi compozitorului Ioan Croitoru, Corul Academic Radio are \u00een prezent un repertoriu foarte vast de lucr\u0103ri: oratorii, cantate, madrigale, poeme, balade \u015fi numeroase miniaturi.<\/p>\n<p>\u00cen paralel cu asigurarea programelor stagiunii muzicale de la Sala Radio, Corul Academic Radio &#8211; format din circa 70 de muzicieni profesioni\u015fti &#8211; asigur\u0103 efectuarea \u00eenregistr\u0103rilor pentru discuri \u015fi pentru fondul muzical Radio. Ansamblul promoveaz\u0103 valori importante ale crea\u0163iei rom\u00e2ne\u015fti tradi\u0163ionale sau de actualitate, inclusiv prime audi\u0163ii, numeroase dintre aceastea fiindu-i dedicate. Istoria corului este marcat\u0103 \u015fi de concertele \u015fi imprim\u0103rile formulelor \u201c\u00e0 cappella\u201d, \u00een spiritul tradi\u0163iei muzicii corale na\u0163ionale.<\/p>\n<p>Corul Academic Radio a participat la turnee \u00een Germania, Bulgaria, Spania, Grecia, Cipru, Israel etc., colabor\u00e2nd adesea cu orchestre de renume, sub baghete de prestigiu din \u0163ar\u0103 \u015fi din str\u0103in\u0103tate.<\/p>\n<p><img loading=\"lazy\" class=\" wp-image-777 alignleft\" src=\"https:\/\/www.radirofestival.ro\/wp-content\/uploads\/2018\/09\/poza-C-Tutu-300x274-300x274.jpg\" alt=\"\" width=\"163\" height=\"149\" \/><\/p>\n<p>\u00cen prezent, Corul Academic Radio este preg\u0103tit \u015fi condus de <strong>CIPRIAN \u0162U\u0162U<\/strong>. Activitatea sa dirijoral\u0103 cuprinde manifest\u0103ri artistice diverse, de la spectacole de oper\u0103, p\u00e2n\u0103 la concerte \u00e0 cappella, cu acompaniament, precum \u015fi vocal-simfonice, \u00een compania unor importante orchestre din \u0163ar\u0103 (Bra\u015fov, Oradea, Cluj-Napoca, Bucure\u015fti) \u015fi din str\u0103in\u0103tate.<\/p>\n<p>&nbsp;<\/p>\n<p>&nbsp;<\/p>\n<p>&nbsp;<\/p>\n<p>&nbsp;<\/p>\n<ul>\n<li><em>credit photo:\u00a0Alexandru-Dolea<\/em><\/li>\n<\/ul>\n","protected":false},"excerpt":{"rendered":"<p>Fondat \u00een 1940 sub conducerea dirijorului \u015fi compozitorului Ioan Croitoru, Corul Academic Radio are \u00een prezent un repertoriu foarte vast de lucr\u0103ri: oratorii, cantate, madrigale, poeme, balade \u015fi numeroase miniaturi. \u00cen paralel cu asigurarea programelor stagiunii muzicale de la Sala Radio, Corul Academic Radio &#8211; format din circa 70 de muzicieni profesioni\u015fti &#8211; asigur\u0103 efectuarea &hellip; <\/p>\n","protected":false},"author":2,"featured_media":629,"parent":0,"menu_order":0,"comment_status":"closed","ping_status":"closed","template":"","meta":[],"_links":{"self":[{"href":"https:\/\/www.radirofestival.ro\/index.php?rest_route=\/wp\/v2\/pages\/628"}],"collection":[{"href":"https:\/\/www.radirofestival.ro\/index.php?rest_route=\/wp\/v2\/pages"}],"about":[{"href":"https:\/\/www.radirofestival.ro\/index.php?rest_route=\/wp\/v2\/types\/page"}],"author":[{"embeddable":true,"href":"https:\/\/www.radirofestival.ro\/index.php?rest_route=\/wp\/v2\/users\/2"}],"replies":[{"embeddable":true,"href":"https:\/\/www.radirofestival.ro\/index.php?rest_route=%2Fwp%2Fv2%2Fcomments&post=628"}],"version-history":[{"count":5,"href":"https:\/\/www.radirofestival.ro\/index.php?rest_route=\/wp\/v2\/pages\/628\/revisions"}],"predecessor-version":[{"id":1070,"href":"https:\/\/www.radirofestival.ro\/index.php?rest_route=\/wp\/v2\/pages\/628\/revisions\/1070"}],"wp:featuredmedia":[{"embeddable":true,"href":"https:\/\/www.radirofestival.ro\/index.php?rest_route=\/wp\/v2\/media\/629"}],"wp:attachment":[{"href":"https:\/\/www.radirofestival.ro\/index.php?rest_route=%2Fwp%2Fv2%2Fmedia&parent=628"}],"curies":[{"name":"wp","href":"https:\/\/api.w.org\/{rel}","templated":true}]}}