{"id":637,"date":"2018-09-24T08:33:23","date_gmt":"2018-09-24T08:33:23","guid":{"rendered":"http:\/\/www.radirofestival.ro\/?page_id=637"},"modified":"2018-09-24T16:30:58","modified_gmt":"2018-09-24T16:30:58","slug":"conductor-moritz-gnann","status":"publish","type":"page","link":"https:\/\/www.radirofestival.ro\/?page_id=637&lang=en","title":{"rendered":"Conductor Moritz Gnann"},"content":{"rendered":"<p><img loading=\"lazy\" class=\"size-medium wp-image-453 alignleft\" src=\"https:\/\/www.radirofestival.ro\/wp-content\/uploads\/2018\/09\/BBC-Moritz-Gnann_DIRIJOR-2-credit-Hilary-Scott-300x191.jpg\" alt=\"\" width=\"300\" height=\"191\" srcset=\"https:\/\/www.radirofestival.ro\/wp-content\/uploads\/2018\/09\/BBC-Moritz-Gnann_DIRIJOR-2-credit-Hilary-Scott-300x191.jpg 300w, https:\/\/www.radirofestival.ro\/wp-content\/uploads\/2018\/09\/BBC-Moritz-Gnann_DIRIJOR-2-credit-Hilary-Scott-768x488.jpg 768w, https:\/\/www.radirofestival.ro\/wp-content\/uploads\/2018\/09\/BBC-Moritz-Gnann_DIRIJOR-2-credit-Hilary-Scott-1024x651.jpg 1024w\" sizes=\"(max-width: 300px) 100vw, 300px\" \/>Moritz\u00a0Gnann has received outstanding reviews for his fresh approach to a wide range of symphonic\u00a0and operatic repertoire reaching from renaissance to contemporary.<\/p>\n<p>Born in T\u00fcbingen, Germany, Moritz Gnann studied conducting at the Universit\u00e4t der K\u00fcnste in\u00a0Berlin and Dresden. He gained further\u00a0experience through active participation in masterclasses and through close collaboration with\u00a0Andris Nelsons, Donald Runnicles, Simon Rattle and Christian Thielemann. He collaborated with Andris Nelsons for the opera shows <em>Lohengrin<\/em> and <em>Parsifal<\/em> by Richard Wagner at the Bayreuth Festival. Since 2015 he has collaborated as an assistant conductor with the Boston Symphony Orchestra, together with whom he has given memorable concerts during the Tanglewood Festival.<\/p>\n<p>Moritz Gnann has been at the same time a guest conductor of opera houses in Germany. In the new season he will conduct opera shows at Deutsche Oper in Berlin and Semperoper in Dresden. He will also make his debut at the Gewandhaus in Leipzig, together with MDR Symphony Orchestra.<\/p>\n<p>&nbsp;<\/p>\n<p>&nbsp;<\/p>\n<ul>\n<li><em>credit photo: Hilary-Scott ,Simon-Pauly<\/em><\/li>\n<\/ul>\n","protected":false},"excerpt":{"rendered":"<p>Moritz\u00a0Gnann has received outstanding reviews for his fresh approach to a wide range of symphonic\u00a0and operatic repertoire reaching from renaissance to contemporary. Born in T\u00fcbingen, Germany, Moritz Gnann studied conducting at the Universit\u00e4t der K\u00fcnste in\u00a0Berlin and Dresden. He gained further\u00a0experience through active participation in masterclasses and through close collaboration with\u00a0Andris Nelsons, Donald Runnicles, Simon &hellip; <\/p>\n","protected":false},"author":2,"featured_media":452,"parent":0,"menu_order":0,"comment_status":"closed","ping_status":"closed","template":"","meta":[],"_links":{"self":[{"href":"https:\/\/www.radirofestival.ro\/index.php?rest_route=\/wp\/v2\/pages\/637"}],"collection":[{"href":"https:\/\/www.radirofestival.ro\/index.php?rest_route=\/wp\/v2\/pages"}],"about":[{"href":"https:\/\/www.radirofestival.ro\/index.php?rest_route=\/wp\/v2\/types\/page"}],"author":[{"embeddable":true,"href":"https:\/\/www.radirofestival.ro\/index.php?rest_route=\/wp\/v2\/users\/2"}],"replies":[{"embeddable":true,"href":"https:\/\/www.radirofestival.ro\/index.php?rest_route=%2Fwp%2Fv2%2Fcomments&post=637"}],"version-history":[{"count":3,"href":"https:\/\/www.radirofestival.ro\/index.php?rest_route=\/wp\/v2\/pages\/637\/revisions"}],"predecessor-version":[{"id":766,"href":"https:\/\/www.radirofestival.ro\/index.php?rest_route=\/wp\/v2\/pages\/637\/revisions\/766"}],"wp:featuredmedia":[{"embeddable":true,"href":"https:\/\/www.radirofestival.ro\/index.php?rest_route=\/wp\/v2\/media\/452"}],"wp:attachment":[{"href":"https:\/\/www.radirofestival.ro\/index.php?rest_route=%2Fwp%2Fv2%2Fmedia&parent=637"}],"curies":[{"name":"wp","href":"https:\/\/api.w.org\/{rel}","templated":true}]}}