{"id":643,"date":"2018-09-24T08:36:34","date_gmt":"2018-09-24T08:36:34","guid":{"rendered":"http:\/\/www.radirofestival.ro\/?page_id=643"},"modified":"2018-09-24T17:16:05","modified_gmt":"2018-09-24T17:16:05","slug":"rte-national-symphony-orchestra-2","status":"publish","type":"page","link":"https:\/\/www.radirofestival.ro\/?page_id=643&lang=en","title":{"rendered":"RT\u00c9 National Symphony Orchestra"},"content":{"rendered":"<p><img loading=\"lazy\" class=\"size-medium wp-image-423 alignleft\" src=\"https:\/\/www.radirofestival.ro\/wp-content\/uploads\/2018\/09\/RT\u00c9-National-Symphony-Orchestra_2-300x253.jpg\" alt=\"\" width=\"300\" height=\"253\" srcset=\"https:\/\/www.radirofestival.ro\/wp-content\/uploads\/2018\/09\/RT\u00c9-National-Symphony-Orchestra_2-300x253.jpg 300w, https:\/\/www.radirofestival.ro\/wp-content\/uploads\/2018\/09\/RT\u00c9-National-Symphony-Orchestra_2-768x648.jpg 768w, https:\/\/www.radirofestival.ro\/wp-content\/uploads\/2018\/09\/RT\u00c9-National-Symphony-Orchestra_2.jpg 1000w\" sizes=\"(max-width: 300px) 100vw, 300px\" \/><\/p>\n<p>From its foundation in 1948 as the Radio \u00c9ireann Symphony Orchestra, the <strong>RT\u00c9 National Symphony Orchestra<\/strong> has been at the forefront of symphonic music in Ireland providing an unbroken stream of concerts. World-class conductors associated with the orchestra during its 70 years of existence, including Jean Martinon and Sir John Barbirolli, Vladimir Ashkenazy, Martha Argerich, Radu Lupu, Angela Gheorghiu, Kiri te Kanawa, Luciano Pavarotti, Pl\u00e1cido Domingo, Constantin Silvestri, Charles Dutoit, Witold Lutos\u0142awski, Olivier Messiaen, Karlheinz Stockhausen and Arvo P\u00e4rt.<\/p>\n<p>&nbsp;<\/p>\n<p>Today, the RT\u00c9 National Symphony Orchestra plays a central role in classical music in Ireland through year-long programmes of live performances, schools and educational projects, broadcasts on RT\u00c9 lyric fm and internationally through the European Broadcasting Union, recordings and new commissions. Since September 2017, Nathalie Stutzmann has been appointed as Principal Guest Conductor of this important European symphony orchestra.<\/p>\n<p>&nbsp;<\/p>\n","protected":false},"excerpt":{"rendered":"<p>From its foundation in 1948 as the Radio \u00c9ireann Symphony Orchestra, the RT\u00c9 National Symphony Orchestra has been at the forefront of symphonic music in Ireland providing an unbroken stream of concerts. World-class conductors associated with the orchestra during its 70 years of existence, including Jean Martinon and Sir John Barbirolli, Vladimir Ashkenazy, Martha Argerich, &hellip; <\/p>\n","protected":false},"author":2,"featured_media":425,"parent":0,"menu_order":0,"comment_status":"closed","ping_status":"closed","template":"","meta":[],"_links":{"self":[{"href":"https:\/\/www.radirofestival.ro\/index.php?rest_route=\/wp\/v2\/pages\/643"}],"collection":[{"href":"https:\/\/www.radirofestival.ro\/index.php?rest_route=\/wp\/v2\/pages"}],"about":[{"href":"https:\/\/www.radirofestival.ro\/index.php?rest_route=\/wp\/v2\/types\/page"}],"author":[{"embeddable":true,"href":"https:\/\/www.radirofestival.ro\/index.php?rest_route=\/wp\/v2\/users\/2"}],"replies":[{"embeddable":true,"href":"https:\/\/www.radirofestival.ro\/index.php?rest_route=%2Fwp%2Fv2%2Fcomments&post=643"}],"version-history":[{"count":2,"href":"https:\/\/www.radirofestival.ro\/index.php?rest_route=\/wp\/v2\/pages\/643\/revisions"}],"predecessor-version":[{"id":817,"href":"https:\/\/www.radirofestival.ro\/index.php?rest_route=\/wp\/v2\/pages\/643\/revisions\/817"}],"wp:featuredmedia":[{"embeddable":true,"href":"https:\/\/www.radirofestival.ro\/index.php?rest_route=\/wp\/v2\/media\/425"}],"wp:attachment":[{"href":"https:\/\/www.radirofestival.ro\/index.php?rest_route=%2Fwp%2Fv2%2Fmedia&parent=643"}],"curies":[{"name":"wp","href":"https:\/\/api.w.org\/{rel}","templated":true}]}}