{"id":822,"date":"2018-09-24T17:24:53","date_gmt":"2018-09-24T17:24:53","guid":{"rendered":"http:\/\/www.radirofestival.ro\/?page_id=822"},"modified":"2018-09-24T17:24:53","modified_gmt":"2018-09-24T17:24:53","slug":"javier-perianes-pianist","status":"publish","type":"page","link":"https:\/\/www.radirofestival.ro\/?page_id=822","title":{"rendered":"Javier Perianes &#8211; pianist"},"content":{"rendered":"<p><img loading=\"lazy\" class=\"size-medium wp-image-824 alignleft\" src=\"https:\/\/www.radirofestival.ro\/wp-content\/uploads\/2018\/09\/J_Perianes-4E-300x200.jpg\" alt=\"\" width=\"300\" height=\"200\" srcset=\"https:\/\/www.radirofestival.ro\/wp-content\/uploads\/2018\/09\/J_Perianes-4E-300x200.jpg 300w, https:\/\/www.radirofestival.ro\/wp-content\/uploads\/2018\/09\/J_Perianes-4E-768x512.jpg 768w, https:\/\/www.radirofestival.ro\/wp-content\/uploads\/2018\/09\/J_Perianes-4E-1024x683.jpg 1024w, https:\/\/www.radirofestival.ro\/wp-content\/uploads\/2018\/09\/J_Perianes-4E.jpg 1191w\" sizes=\"(max-width: 300px) 100vw, 300px\" \/>Descris de presa international\u0103 ca un interpret rafinat, cu gusturi impecabile \u00een alegerea repertoriului, pianistul spaniol Javier Perianes sus\u0163ine concerte \u015fi recitaluri pe cinci continente. Mari s\u0103li de concerte g\u0103zduiesc \u00eent\u00e2lnirile sale cu publicul, printre care prestigioasele Carnegie Hall din New York, Barbican Hall din Londra, Marea Sal\u0103 a Conservatorului din Moscova, Suntory Hall din Tokyo, Teatro Col\u00f3n din Buenos Aires. A colaborat \u00a0cu dirijori renumi\u0163i \u2013 Daniel Barenboim, Charles Dutoit, Gustavo Dudamel, Zubin Mehta, Lorin Maazel, Daniel Harding \u015fi Yuri Temirkanov, remarc\u00e2ndu-se totodat\u0103 ca artist invitat al festivalurilor muzicale din Spania, \u00a0Fran\u0163a, Elve\u0163ia \u015fi Germania.<\/p>\n<p>Din anul 2007, Javier Perianes \u00eenregistreaz\u0103 exclusiv pentru casa de discuri \u201dHarmonia Mundi\u201d, discografia sa incluz\u00e2nd un repertoriu vast, de la literatura muzical\u0103 clasic\u0103 \u015fi romantic\u0103 la lucr\u0103ri ale compatrio\u0163ilor s\u0103i. Cel mai recent album include \u00eenregistrarea Concertului nr.3 pentru pian \u015fi orchestr\u0103 de Bela <em>Bart\u00f3k cu Orchestra Filarmonicii din<\/em> M\u00fcnchen \u015fi dirijorul Pablo Heras-Casado.<\/p>\n<p>&nbsp;<\/p>\n","protected":false},"excerpt":{"rendered":"<p>Descris de presa international\u0103 ca un interpret rafinat, cu gusturi impecabile \u00een alegerea repertoriului, pianistul spaniol Javier Perianes sus\u0163ine concerte \u015fi recitaluri pe cinci continente. Mari s\u0103li de concerte g\u0103zduiesc \u00eent\u00e2lnirile sale cu publicul, printre care prestigioasele Carnegie Hall din New York, Barbican Hall din Londra, Marea Sal\u0103 a Conservatorului din Moscova, Suntory Hall din &hellip; <\/p>\n","protected":false},"author":2,"featured_media":823,"parent":0,"menu_order":0,"comment_status":"closed","ping_status":"closed","template":"","meta":[],"_links":{"self":[{"href":"https:\/\/www.radirofestival.ro\/index.php?rest_route=\/wp\/v2\/pages\/822"}],"collection":[{"href":"https:\/\/www.radirofestival.ro\/index.php?rest_route=\/wp\/v2\/pages"}],"about":[{"href":"https:\/\/www.radirofestival.ro\/index.php?rest_route=\/wp\/v2\/types\/page"}],"author":[{"embeddable":true,"href":"https:\/\/www.radirofestival.ro\/index.php?rest_route=\/wp\/v2\/users\/2"}],"replies":[{"embeddable":true,"href":"https:\/\/www.radirofestival.ro\/index.php?rest_route=%2Fwp%2Fv2%2Fcomments&post=822"}],"version-history":[{"count":1,"href":"https:\/\/www.radirofestival.ro\/index.php?rest_route=\/wp\/v2\/pages\/822\/revisions"}],"predecessor-version":[{"id":825,"href":"https:\/\/www.radirofestival.ro\/index.php?rest_route=\/wp\/v2\/pages\/822\/revisions\/825"}],"wp:featuredmedia":[{"embeddable":true,"href":"https:\/\/www.radirofestival.ro\/index.php?rest_route=\/wp\/v2\/media\/823"}],"wp:attachment":[{"href":"https:\/\/www.radirofestival.ro\/index.php?rest_route=%2Fwp%2Fv2%2Fmedia&parent=822"}],"curies":[{"name":"wp","href":"https:\/\/api.w.org\/{rel}","templated":true}]}}