{"id":925,"date":"2018-09-25T22:08:33","date_gmt":"2018-09-25T22:08:33","guid":{"rendered":"http:\/\/www.radirofestival.ro\/?page_id=925"},"modified":"2018-10-19T10:21:56","modified_gmt":"2018-10-19T10:21:56","slug":"18-november","status":"publish","type":"page","link":"https:\/\/www.radirofestival.ro\/?page_id=925&lang=en","title":{"rendered":"18 november"},"content":{"rendered":"<p><span style=\"text-decoration: underline;\">The Romanian Radio Hall (Sala Radio) \u2013 Bucharest (Romania)<br \/>\n<\/span><strong><span style=\"color: #ff0000;\">Sunday, November 18th 2018, 7 pm<\/span><br \/>\n<a href=\"https:\/\/www.radirofestival.ro\/?page_id=995&amp;lang=en\"><span style=\"color: #ff9900;\">Romanian Radio National Orchestra<\/span><\/a><\/strong> <span style=\"color: #ff9900;\">(Romania)<\/span><br \/>\nConductor: <a href=\"https:\/\/www.radirofestival.ro\/?page_id=268&amp;lang=en\"><strong>Jean-Claude Casadesus<\/strong><\/a><br \/>\nSoloist: <a href=\"https:\/\/www.radirofestival.ro\/?page_id=826&amp;lang=en\"><strong>Javier Perianes<\/strong><\/a> &#8211; piano<br \/>\nProgramme:<br \/>\n<em><strong>George Enescu<\/strong><\/em> \u2013 Romanian Rhapsody No. 1 in A major, Op. 11<br \/>\n<em><strong>Maurice Ravel<\/strong><\/em> &#8211; Piano Concerto in G major<br \/>\n<em><strong>Maurice Ravel<\/strong><\/em> &#8211; Pavane pour une infante d\u00e9funte<br \/>\n<em><strong>Claude Debussy<\/strong> <\/em>&#8211; Prelude to the Afternoon of a Faun (Pr\u00e9lude \u00e0 l&#8217;apr\u00e8s-midi d&#8217;un faune)<br \/>\n<em><strong>Maurice Ravel<\/strong> <\/em>&#8211; Daphnis and Chlo\u00e9 (Daphnis et Chlo\u00e9) Suite No. 2<br \/>\n<strong><span style=\"color: #ff9900;\">Romanian Radio Academic Choir <\/span><\/strong><span style=\"color: #ff9900;\">(Romania)<\/span><strong><br \/>\n<\/strong>Conductor: <strong>Ciprian \u021au\u021bu<\/strong><\/p>\n<p><strong><a href=\"https:\/\/www.bilete.ro\/festivalul-international-al-orchestrelor-radio-radiro\/orchestra-nationala-radio-18-nov-2018\/\">Buy ticket<\/a><\/strong><\/p>\n","protected":false},"excerpt":{"rendered":"<p>The Romanian Radio Hall (Sala Radio) \u2013 Bucharest (Romania) Sunday, November 18th 2018, 7 pm Romanian Radio National Orchestra (Romania) Conductor: Jean-Claude Casadesus Soloist: Javier Perianes &#8211; piano Programme: George Enescu \u2013 Romanian Rhapsody No. 1 in A major, Op. 11 Maurice Ravel &#8211; Piano Concerto in G major Maurice Ravel &#8211; Pavane pour une &hellip; <\/p>\n","protected":false},"author":2,"featured_media":0,"parent":0,"menu_order":0,"comment_status":"closed","ping_status":"closed","template":"","meta":[],"_links":{"self":[{"href":"https:\/\/www.radirofestival.ro\/index.php?rest_route=\/wp\/v2\/pages\/925"}],"collection":[{"href":"https:\/\/www.radirofestival.ro\/index.php?rest_route=\/wp\/v2\/pages"}],"about":[{"href":"https:\/\/www.radirofestival.ro\/index.php?rest_route=\/wp\/v2\/types\/page"}],"author":[{"embeddable":true,"href":"https:\/\/www.radirofestival.ro\/index.php?rest_route=\/wp\/v2\/users\/2"}],"replies":[{"embeddable":true,"href":"https:\/\/www.radirofestival.ro\/index.php?rest_route=%2Fwp%2Fv2%2Fcomments&post=925"}],"version-history":[{"count":7,"href":"https:\/\/www.radirofestival.ro\/index.php?rest_route=\/wp\/v2\/pages\/925\/revisions"}],"predecessor-version":[{"id":1094,"href":"https:\/\/www.radirofestival.ro\/index.php?rest_route=\/wp\/v2\/pages\/925\/revisions\/1094"}],"wp:attachment":[{"href":"https:\/\/www.radirofestival.ro\/index.php?rest_route=%2Fwp%2Fv2%2Fmedia&parent=925"}],"curies":[{"name":"wp","href":"https:\/\/api.w.org\/{rel}","templated":true}]}}